{"id":141,"date":"2020-08-09T08:16:36","date_gmt":"2020-08-09T08:16:36","guid":{"rendered":"http:\/\/israel.ravenmedia.co.il\/?page_id=141"},"modified":"2025-12-20T11:06:19","modified_gmt":"2025-12-20T09:06:19","slug":"%d7%a9%d7%95%d7%aa%d7%a4%d7%99%d7%9d","status":"publish","type":"page","link":"https:\/\/www.kiah.org.il\/fr\/%d7%a9%d7%95%d7%aa%d7%a4%d7%99%d7%9d\/","title":{"rendered":"Nos partenaires"},"content":{"rendered":"<div data-elementor-type=\"wp-page\" data-elementor-id=\"141\" class=\"elementor elementor-141\" data-elementor-post-type=\"page\">\n\t\t\t\t<div data-dce-background-overlay-color=\"#000000\" data-dce-background-image-url=\"http:\/\/www.kiah.org.il\/wp-content\/uploads\/2020\/08\/730px-Alliance_Israe\u0301lite22-scaled.jpg\" class=\"elementor-element elementor-element-873a651 vmd-page-header-cont e-flex e-con-boxed e-con e-parent\" data-id=\"873a651\" data-element_type=\"container\" data-e-type=\"container\" data-settings=\"{&quot;background_background&quot;:&quot;classic&quot;}\">\n\t\t\t\t\t<div class=\"e-con-inner\">\n\t\t<div class=\"elementor-element elementor-element-fec6874 e-con-full e-flex e-con e-child\" data-id=\"fec6874\" data-element_type=\"container\" data-e-type=\"container\">\n\t\t\t\t<div data-dce-title-color=\"#FDB913\" class=\"elementor-element elementor-element-4252168 vmd-page-header elementor-widget elementor-widget-heading\" data-id=\"4252168\" data-element_type=\"widget\" data-e-type=\"widget\" data-widget_type=\"heading.default\">\n\t\t\t\t<div class=\"elementor-widget-container\">\n\t\t\t\t\t<h1 class=\"elementor-heading-title elementor-size-default\">Nos partenaires<\/h1>\t\t\t\t<\/div>\n\t\t\t\t<\/div>\n\t\t\t\t<\/div>\n\t\t\t\t\t<\/div>\n\t\t\t\t<\/div>\n\t\t<div class=\"elementor-element elementor-element-f5bbfc9 e-flex e-con-boxed e-con e-parent\" data-id=\"f5bbfc9\" data-element_type=\"container\" data-e-type=\"container\">\n\t\t\t\t\t<div class=\"e-con-inner\">\n\t\t\t\t<div class=\"elementor-element elementor-element-e84a881 elementor-widget elementor-widget-text-editor\" data-id=\"e84a881\" data-element_type=\"widget\" data-e-type=\"widget\" data-widget_type=\"text-editor.default\">\n\t\t\t\t<div class=\"elementor-widget-container\">\n\t\t\t\t\t<style>.elementor-element-e84a881{display:none !important}<\/style>\t\t\t\t<\/div>\n\t\t\t\t<\/div>\n\t\t\t\t<div data-dce-title-color=\"#044C9E\" class=\"elementor-element elementor-element-0610fb0 elementor-widget elementor-widget-heading\" data-id=\"0610fb0\" data-element_type=\"widget\" data-e-type=\"widget\" data-widget_type=\"heading.default\">\n\t\t\t\t<div class=\"elementor-widget-container\">\n\t\t\t\t\t<h3 class=\"elementor-heading-title elementor-size-default\">Principaux partenaires et soutiens<\/h3>\t\t\t\t<\/div>\n\t\t\t\t<\/div>\n\t\t\t\t<div class=\"elementor-element elementor-element-f3ef86c elementor-widget elementor-widget-image\" data-id=\"f3ef86c\" data-element_type=\"widget\" data-e-type=\"widget\" data-widget_type=\"image.default\">\n\t\t\t\t<div class=\"elementor-widget-container\">\n\t\t\t\t\t\t\t\t\t\t\t\t\t\t\t<img fetchpriority=\"high\" decoding=\"async\" width=\"1024\" height=\"724\" src=\"https:\/\/www.kiah.org.il\/wp-content\/uploads\/2025\/12\/shutafimFR.jpg\" class=\"attachment-large size-large wp-image-6763\" alt=\"Liste des partenaires et principaux soutiens\" srcset=\"https:\/\/www.kiah.org.il\/wp-content\/uploads\/2025\/12\/shutafimFR.jpg 1800w, https:\/\/www.kiah.org.il\/wp-content\/uploads\/2025\/12\/shutafimFR-300x212.jpg 300w, https:\/\/www.kiah.org.il\/wp-content\/uploads\/2025\/12\/shutafimFR-1024x724.jpg 1024w, https:\/\/www.kiah.org.il\/wp-content\/uploads\/2025\/12\/shutafimFR-768x543.jpg 768w, https:\/\/www.kiah.org.il\/wp-content\/uploads\/2025\/12\/shutafimFR-1536x1086.jpg 1536w, https:\/\/www.kiah.org.il\/wp-content\/uploads\/2025\/12\/shutafimFR-18x12.jpg 18w\" sizes=\"(max-width: 1024px) 100vw, 1024px\" \/>\t\t\t\t\t\t\t\t\t\t\t\t\t\t\t<\/div>\n\t\t\t\t<\/div>\n\t\t<!-- dce invisible element 630fa92 --><div class=\"elementor-element elementor-element-8db50ab e-con-full e-flex e-con e-child\" data-id=\"8db50ab\" data-element_type=\"container\" data-e-type=\"container\">\n\t\t\t\t<div class=\"elementor-element elementor-element-30fda48 elementor-widget elementor-widget-button\" data-id=\"30fda48\" data-element_type=\"widget\" data-e-type=\"widget\" data-widget_type=\"button.default\">\n\t\t\t\t<div class=\"elementor-widget-container\">\n\t\t\t\t\t\t\t\t\t<div class=\"elementor-button-wrapper\">\n\t\t\t\t\t<a class=\"elementor-button elementor-button-link elementor-size-sm\" href=\"https:\/\/www.kiah.org.il\/wp-content\/uploads\/2025\/06\/kiah_documents.pdf\" target=\"_blank\">\n\t\t\t\t\t\t<span class=\"elementor-button-content-wrapper\">\n\t\t\t\t\t\t<span class=\"elementor-button-icon\">\n\t\t\t\t<i aria-hidden=\"true\" class=\"far fa-file-pdf\"><\/i>\t\t\t<\/span>\n\t\t\t\t\t\t\t\t\t<span class=\"elementor-button-text\">Documents d&#039;autorisation d&#039;entreprise<\/span>\n\t\t\t\t\t<\/span>\n\t\t\t\t\t<\/a>\n\t\t\t\t<\/div>\n\t\t\t\t\t\t\t\t<\/div>\n\t\t\t\t<\/div>\n\t\t\t\t<\/div>\n\t\t\t\t\t<\/div>\n\t\t\t\t<\/div>\n\t\t\t\t<\/div>","protected":false},"excerpt":{"rendered":"<p>Partenaires Les activit\u00e9s de l&#039;organisation \u00ab Alliance : Tous les Amis d&#039;Isra\u00ebl \u00bb sont rendues possibles gr\u00e2ce au g\u00e9n\u00e9reux soutien de fondations et de f\u00e9d\u00e9rations, de donateurs priv\u00e9s, d&#039;entreprises, de minist\u00e8res, de collectivit\u00e9s locales, de r\u00e9seaux \u00e9ducatifs et d&#039;organisations du secteur tertiaire. Partenaires et principaux soutiens Documents d&#039;autorisation d&#039;entreprise<\/p>","protected":false},"author":2,"featured_media":0,"parent":0,"menu_order":0,"comment_status":"closed","ping_status":"closed","template":"","meta":{"_acf_changed":false,"ocean_post_layout":"","ocean_both_sidebars_style":"","ocean_both_sidebars_content_width":0,"ocean_both_sidebars_sidebars_width":0,"ocean_sidebar":"0","ocean_second_sidebar":"0","ocean_disable_margins":"enable","ocean_add_body_class":"","ocean_shortcode_before_top_bar":"","ocean_shortcode_after_top_bar":"","ocean_shortcode_before_header":"","ocean_shortcode_after_header":"","ocean_has_shortcode":"","ocean_shortcode_after_title":"","ocean_shortcode_before_footer_widgets":"","ocean_shortcode_after_footer_widgets":"","ocean_shortcode_before_footer_bottom":"","ocean_shortcode_after_footer_bottom":"","ocean_display_top_bar":"default","ocean_display_header":"default","ocean_header_style":"","ocean_center_header_left_menu":"0","ocean_custom_header_template":"0","ocean_custom_logo":0,"ocean_custom_retina_logo":0,"ocean_custom_logo_max_width":0,"ocean_custom_logo_tablet_max_width":0,"ocean_custom_logo_mobile_max_width":0,"ocean_custom_logo_max_height":0,"ocean_custom_logo_tablet_max_height":0,"ocean_custom_logo_mobile_max_height":0,"ocean_header_custom_menu":"0","ocean_menu_typo_font_family":"0","ocean_menu_typo_font_subset":"","ocean_menu_typo_font_size":0,"ocean_menu_typo_font_size_tablet":0,"ocean_menu_typo_font_size_mobile":0,"ocean_menu_typo_font_size_unit":"px","ocean_menu_typo_font_weight":"","ocean_menu_typo_font_weight_tablet":"","ocean_menu_typo_font_weight_mobile":"","ocean_menu_typo_transform":"","ocean_menu_typo_transform_tablet":"","ocean_menu_typo_transform_mobile":"","ocean_menu_typo_line_height":0,"ocean_menu_typo_line_height_tablet":0,"ocean_menu_typo_line_height_mobile":0,"ocean_menu_typo_line_height_unit":"","ocean_menu_typo_spacing":0,"ocean_menu_typo_spacing_tablet":0,"ocean_menu_typo_spacing_mobile":0,"ocean_menu_typo_spacing_unit":"","ocean_menu_link_color":"","ocean_menu_link_color_hover":"","ocean_menu_link_color_active":"","ocean_menu_link_background":"","ocean_menu_link_hover_background":"","ocean_menu_link_active_background":"","ocean_menu_social_links_bg":"","ocean_menu_social_hover_links_bg":"","ocean_menu_social_links_color":"","ocean_menu_social_hover_links_color":"","ocean_disable_title":"default","ocean_disable_heading":"default","ocean_post_title":"","ocean_post_subheading":"","ocean_post_title_style":"","ocean_post_title_background_color":"","ocean_post_title_background":0,"ocean_post_title_bg_image_position":"","ocean_post_title_bg_image_attachment":"","ocean_post_title_bg_image_repeat":"","ocean_post_title_bg_image_size":"","ocean_post_title_height":0,"ocean_post_title_bg_overlay":0.5,"ocean_post_title_bg_overlay_color":"","ocean_disable_breadcrumbs":"default","ocean_breadcrumbs_color":"","ocean_breadcrumbs_separator_color":"","ocean_breadcrumbs_links_color":"","ocean_breadcrumbs_links_hover_color":"","ocean_display_footer_widgets":"default","ocean_display_footer_bottom":"default","ocean_custom_footer_template":"0","iawp_total_views":1129,"footnotes":""},"class_list":["post-141","page","type-page","status-publish","hentry","entry"],"acf":[],"yoast_head":"<!-- This site is optimized with the Yoast SEO plugin v27.5 - https:\/\/yoast.com\/product\/yoast-seo-wordpress\/ -->\n<title>\u05e4\u05e2\u05d9\u05dc\u05d5\u05ea \u05d0\u05e8\u05d2\u05d5\u05df \u05d0\u05dc\u05d9\u05d0\u05e0\u05e1: \u05db\u05dc \u05d9\u05e9\u05e8\u05d0\u05dc \u05d7\u05d1\u05e8\u05d9\u05dd (\u05db\u05d9&quot;\u05d7) \u05de\u05ea\u05d0\u05e4\u05e9\u05e8\u05ea \u05d4\u05d5\u05d3\u05d5\u05ea \u05dc\u05e9\u05d5\u05ea\u05e4\u05d9\u05e0\u05d5<\/title>\n<meta name=\"description\" content=\"\u05e4\u05e2\u05d9\u05dc\u05d5\u05ea \u05d0\u05e8\u05d2\u05d5\u05df &#039;\u05d0\u05dc\u05d9\u05d0\u05e0\u05e1: \u05db\u05dc \u05d9\u05e9\u05e8\u05d0\u05dc \u05d7\u05d1\u05e8\u05d9\u05dd&#039; (\u05db\u05d9&quot;\u05d7) \u05de\u05ea\u05d0\u05e4\u05e9\u05e8\u05ea \u05d4\u05d5\u05d3\u05d5\u05ea \u05dc\u05ea\u05de\u05d9\u05db\u05ea\u05dd \u05d4\u05e0\u05d3\u05d9\u05d1\u05d4 \u05e9\u05dc \u05e9\u05d5\u05ea\u05e4\u05d9\u05dd \u05d1\u05d0\u05e8\u05e5 \u05d5\u05d1\u05e2\u05d5\u05dc\u05dd. \u05e7\u05e8\u05e0\u05d5\u05ea \u05d5\u05e4\u05d3\u05e8\u05e6\u05d9\u05d5\u05ea, \u05ea\u05d5\u05e8\u05de\u05d9\u05dd \u05e4\u05e8\u05d8\u05d9\u05d9\u05dd, \u05d7\u05d1\u05e8\u05d5\u05ea \u05e2\u05e1\u05e7\u05d9\u05d5\u05ea, \u05de\u05e9\u05e8\u05d3\u05d9 \u05de\u05de\u05e9\u05dc\u05d4, \u05e8\u05e9\u05d5\u05d9\u05d5\u05ea \u05de\u05e7\u05d5\u05de\u05d9\u05d5\u05ea, \u05e8\u05e9\u05ea\u05d5\u05ea \u05d7\u05d9\u05e0\u05d5\u05da \u05d5\u05d0\u05e8\u05d2\u05d5\u05e0\u05d9 \u05de\u05d2\u05d6\u05e8 \u05e9\u05dc\u05d9\u05e9\u05d9. \u05dc\u05e4\u05e8\u05d8\u05d9\u05dd \u05d4\u05d9\u05db\u05e0\u05e1\u05d5!\" \/>\n<meta name=\"robots\" content=\"index, follow, max-snippet:-1, max-image-preview:large, max-video-preview:-1\" \/>\n<link rel=\"canonical\" href=\"https:\/\/www.kiah.org.il\/fr\/\u05e9\u05d5\u05ea\u05e4\u05d9\u05dd\/\" \/>\n<meta property=\"og:locale\" content=\"fr_FR\" \/>\n<meta property=\"og:type\" content=\"article\" \/>\n<meta property=\"og:title\" content=\"\u05e4\u05e2\u05d9\u05dc\u05d5\u05ea \u05d0\u05e8\u05d2\u05d5\u05df \u05d0\u05dc\u05d9\u05d0\u05e0\u05e1: \u05db\u05dc \u05d9\u05e9\u05e8\u05d0\u05dc \u05d7\u05d1\u05e8\u05d9\u05dd (\u05db\u05d9&quot;\u05d7) \u05de\u05ea\u05d0\u05e4\u05e9\u05e8\u05ea \u05d4\u05d5\u05d3\u05d5\u05ea \u05dc\u05e9\u05d5\u05ea\u05e4\u05d9\u05e0\u05d5\" \/>\n<meta property=\"og:description\" content=\"\u05e4\u05e2\u05d9\u05dc\u05d5\u05ea \u05d0\u05e8\u05d2\u05d5\u05df &#039;\u05d0\u05dc\u05d9\u05d0\u05e0\u05e1: \u05db\u05dc \u05d9\u05e9\u05e8\u05d0\u05dc \u05d7\u05d1\u05e8\u05d9\u05dd&#039; (\u05db\u05d9&quot;\u05d7) \u05de\u05ea\u05d0\u05e4\u05e9\u05e8\u05ea \u05d4\u05d5\u05d3\u05d5\u05ea \u05dc\u05ea\u05de\u05d9\u05db\u05ea\u05dd \u05d4\u05e0\u05d3\u05d9\u05d1\u05d4 \u05e9\u05dc \u05e9\u05d5\u05ea\u05e4\u05d9\u05dd \u05d1\u05d0\u05e8\u05e5 \u05d5\u05d1\u05e2\u05d5\u05dc\u05dd. \u05e7\u05e8\u05e0\u05d5\u05ea \u05d5\u05e4\u05d3\u05e8\u05e6\u05d9\u05d5\u05ea, \u05ea\u05d5\u05e8\u05de\u05d9\u05dd \u05e4\u05e8\u05d8\u05d9\u05d9\u05dd, \u05d7\u05d1\u05e8\u05d5\u05ea \u05e2\u05e1\u05e7\u05d9\u05d5\u05ea, \u05de\u05e9\u05e8\u05d3\u05d9 \u05de\u05de\u05e9\u05dc\u05d4, \u05e8\u05e9\u05d5\u05d9\u05d5\u05ea \u05de\u05e7\u05d5\u05de\u05d9\u05d5\u05ea, \u05e8\u05e9\u05ea\u05d5\u05ea \u05d7\u05d9\u05e0\u05d5\u05da \u05d5\u05d0\u05e8\u05d2\u05d5\u05e0\u05d9 \u05de\u05d2\u05d6\u05e8 \u05e9\u05dc\u05d9\u05e9\u05d9. \u05dc\u05e4\u05e8\u05d8\u05d9\u05dd \u05d4\u05d9\u05db\u05e0\u05e1\u05d5!\" \/>\n<meta property=\"og:url\" content=\"https:\/\/www.kiah.org.il\/fr\/\u05e9\u05d5\u05ea\u05e4\u05d9\u05dd\/\" \/>\n<meta property=\"og:site_name\" content=\"\u05db\u05dc \u05d9\u05e9\u05e8\u05d0\u05dc \u05d7\u05d1\u05e8\u05d9\u05dd\" \/>\n<meta property=\"article:publisher\" content=\"https:\/\/www.facebook.com\/AllianceKIAH\" \/>\n<meta property=\"article:modified_time\" content=\"2025-12-20T09:06:19+00:00\" \/>\n<meta property=\"og:image\" content=\"https:\/\/www.kiah.org.il\/wp-content\/uploads\/2025\/04\/shutafim4.jpg\" \/>\n\t<meta property=\"og:image:width\" content=\"1800\" \/>\n\t<meta property=\"og:image:height\" content=\"1273\" \/>\n\t<meta property=\"og:image:type\" content=\"image\/jpeg\" \/>\n<meta name=\"twitter:card\" content=\"summary_large_image\" \/>\n<meta name=\"twitter:label1\" content=\"Dur\u00e9e de lecture estim\u00e9e\" \/>\n\t<meta name=\"twitter:data1\" content=\"1 minute\" \/>\n<script type=\"application\/ld+json\" class=\"yoast-schema-graph\">{\"@context\":\"https:\\\/\\\/schema.org\",\"@graph\":[{\"@type\":\"WebPage\",\"@id\":\"https:\\\/\\\/www.kiah.org.il\\\/%d7%a9%d7%95%d7%aa%d7%a4%d7%99%d7%9d\\\/\",\"url\":\"https:\\\/\\\/www.kiah.org.il\\\/%d7%a9%d7%95%d7%aa%d7%a4%d7%99%d7%9d\\\/\",\"name\":\"\u05e4\u05e2\u05d9\u05dc\u05d5\u05ea \u05d0\u05e8\u05d2\u05d5\u05df \u05d0\u05dc\u05d9\u05d0\u05e0\u05e1: \u05db\u05dc \u05d9\u05e9\u05e8\u05d0\u05dc \u05d7\u05d1\u05e8\u05d9\u05dd (\u05db\u05d9\\\"\u05d7) \u05de\u05ea\u05d0\u05e4\u05e9\u05e8\u05ea \u05d4\u05d5\u05d3\u05d5\u05ea \u05dc\u05e9\u05d5\u05ea\u05e4\u05d9\u05e0\u05d5\",\"isPartOf\":{\"@id\":\"https:\\\/\\\/www.kiah.org.il\\\/#website\"},\"primaryImageOfPage\":{\"@id\":\"https:\\\/\\\/www.kiah.org.il\\\/%d7%a9%d7%95%d7%aa%d7%a4%d7%99%d7%9d\\\/#primaryimage\"},\"image\":{\"@id\":\"https:\\\/\\\/www.kiah.org.il\\\/%d7%a9%d7%95%d7%aa%d7%a4%d7%99%d7%9d\\\/#primaryimage\"},\"thumbnailUrl\":\"https:\\\/\\\/www.kiah.org.il\\\/wp-content\\\/uploads\\\/2025\\\/04\\\/shutafim4-1024x724.jpg\",\"datePublished\":\"2020-08-09T08:16:36+00:00\",\"dateModified\":\"2025-12-20T09:06:19+00:00\",\"description\":\"\u05e4\u05e2\u05d9\u05dc\u05d5\u05ea \u05d0\u05e8\u05d2\u05d5\u05df '\u05d0\u05dc\u05d9\u05d0\u05e0\u05e1: \u05db\u05dc \u05d9\u05e9\u05e8\u05d0\u05dc \u05d7\u05d1\u05e8\u05d9\u05dd' (\u05db\u05d9\\\"\u05d7) \u05de\u05ea\u05d0\u05e4\u05e9\u05e8\u05ea \u05d4\u05d5\u05d3\u05d5\u05ea \u05dc\u05ea\u05de\u05d9\u05db\u05ea\u05dd \u05d4\u05e0\u05d3\u05d9\u05d1\u05d4 \u05e9\u05dc \u05e9\u05d5\u05ea\u05e4\u05d9\u05dd \u05d1\u05d0\u05e8\u05e5 \u05d5\u05d1\u05e2\u05d5\u05dc\u05dd. \u05e7\u05e8\u05e0\u05d5\u05ea \u05d5\u05e4\u05d3\u05e8\u05e6\u05d9\u05d5\u05ea, \u05ea\u05d5\u05e8\u05de\u05d9\u05dd \u05e4\u05e8\u05d8\u05d9\u05d9\u05dd, \u05d7\u05d1\u05e8\u05d5\u05ea \u05e2\u05e1\u05e7\u05d9\u05d5\u05ea, \u05de\u05e9\u05e8\u05d3\u05d9 \u05de\u05de\u05e9\u05dc\u05d4, \u05e8\u05e9\u05d5\u05d9\u05d5\u05ea \u05de\u05e7\u05d5\u05de\u05d9\u05d5\u05ea, \u05e8\u05e9\u05ea\u05d5\u05ea \u05d7\u05d9\u05e0\u05d5\u05da \u05d5\u05d0\u05e8\u05d2\u05d5\u05e0\u05d9 \u05de\u05d2\u05d6\u05e8 \u05e9\u05dc\u05d9\u05e9\u05d9. \u05dc\u05e4\u05e8\u05d8\u05d9\u05dd \u05d4\u05d9\u05db\u05e0\u05e1\u05d5!\",\"breadcrumb\":{\"@id\":\"https:\\\/\\\/www.kiah.org.il\\\/%d7%a9%d7%95%d7%aa%d7%a4%d7%99%d7%9d\\\/#breadcrumb\"},\"inLanguage\":\"fr-FR\",\"potentialAction\":[{\"@type\":\"ReadAction\",\"target\":[\"https:\\\/\\\/www.kiah.org.il\\\/%d7%a9%d7%95%d7%aa%d7%a4%d7%99%d7%9d\\\/\"]}]},{\"@type\":\"ImageObject\",\"inLanguage\":\"fr-FR\",\"@id\":\"https:\\\/\\\/www.kiah.org.il\\\/%d7%a9%d7%95%d7%aa%d7%a4%d7%99%d7%9d\\\/#primaryimage\",\"url\":\"https:\\\/\\\/www.kiah.org.il\\\/wp-content\\\/uploads\\\/2025\\\/04\\\/shutafim4-1024x724.jpg\",\"contentUrl\":\"https:\\\/\\\/www.kiah.org.il\\\/wp-content\\\/uploads\\\/2025\\\/04\\\/shutafim4-1024x724.jpg\"},{\"@type\":\"BreadcrumbList\",\"@id\":\"https:\\\/\\\/www.kiah.org.il\\\/%d7%a9%d7%95%d7%aa%d7%a4%d7%99%d7%9d\\\/#breadcrumb\",\"itemListElement\":[{\"@type\":\"ListItem\",\"position\":1,\"name\":\"\u05d3\u05e3 \u05d4\u05d1\u05d9\u05ea\",\"item\":\"https:\\\/\\\/www.kiah.org.il\\\/\"},{\"@type\":\"ListItem\",\"position\":2,\"name\":\"\u05e9\u05d5\u05ea\u05e4\u05d9\u05dd\"}]},{\"@type\":\"WebSite\",\"@id\":\"https:\\\/\\\/www.kiah.org.il\\\/#website\",\"url\":\"https:\\\/\\\/www.kiah.org.il\\\/\",\"name\":\"\u05db\u05dc \u05d9\u05e9\u05e8\u05d0\u05dc \u05d7\u05d1\u05e8\u05d9\u05dd\",\"description\":\"\u05de\u05e6\u05d5\u05d9\u05e0\u05d5\u05ea \u05d7\u05d9\u05e0\u05d5\u05db\u05d9\u05ea \u05d5\u05de\u05e0\u05d4\u05d9\u05d2\u05d5\u05ea \u05de\u05e7\u05d5\u05de\u05d9\u05ea \u05d1\u05e4\u05e8\u05d9\u05e4\u05e8\u05d9\u05d4 \u05ea\u05d5\u05da \u05d8\u05d9\u05e4\u05d5\u05d7 \u05d9\u05d4\u05d3\u05d5\u05ea \u05d9\u05e9\u05e8\u05d0\u05dc\u05d9\u05ea \u05de\u05d7\u05d1\u05e8\u05ea\",\"publisher\":{\"@id\":\"https:\\\/\\\/www.kiah.org.il\\\/#organization\"},\"potentialAction\":[{\"@type\":\"SearchAction\",\"target\":{\"@type\":\"EntryPoint\",\"urlTemplate\":\"https:\\\/\\\/www.kiah.org.il\\\/?s={search_term_string}\"},\"query-input\":{\"@type\":\"PropertyValueSpecification\",\"valueRequired\":true,\"valueName\":\"search_term_string\"}}],\"inLanguage\":\"fr-FR\"},{\"@type\":\"Organization\",\"@id\":\"https:\\\/\\\/www.kiah.org.il\\\/#organization\",\"name\":\"\u05db\u05dc \u05d9\u05e9\u05e8\u05d0\u05dc \u05d7\u05d1\u05e8\u05d9\u05dd\",\"url\":\"https:\\\/\\\/www.kiah.org.il\\\/\",\"logo\":{\"@type\":\"ImageObject\",\"inLanguage\":\"fr-FR\",\"@id\":\"https:\\\/\\\/www.kiah.org.il\\\/#\\\/schema\\\/logo\\\/image\\\/\",\"url\":\"https:\\\/\\\/www.kiah.org.il\\\/wp-content\\\/uploads\\\/2020\\\/08\\\/\u05db\u05d9\u05d7.png\",\"contentUrl\":\"https:\\\/\\\/www.kiah.org.il\\\/wp-content\\\/uploads\\\/2020\\\/08\\\/\u05db\u05d9\u05d7.png\",\"width\":1193,\"height\":780,\"caption\":\"\u05db\u05dc \u05d9\u05e9\u05e8\u05d0\u05dc \u05d7\u05d1\u05e8\u05d9\u05dd\"},\"image\":{\"@id\":\"https:\\\/\\\/www.kiah.org.il\\\/#\\\/schema\\\/logo\\\/image\\\/\"},\"sameAs\":[\"https:\\\/\\\/www.facebook.com\\\/AllianceKIAH\",\"https:\\\/\\\/www.instagram.com\\\/alliance.kiah\\\/?igsh=NmQxM3JncnZvYmxz\"]}]}<\/script>\n<!-- \/ Yoast SEO plugin. -->","yoast_head_json":{"title":"Les activit\u00e9s de l&#039;organisation Alliance : Tous les Amis d&#039;Isra\u00ebl (KJF) sont rendues possibles gr\u00e2ce \u00e0 nos partenaires","description":"Les activit\u00e9s de l&#039;organisation \u00ab\u00a0Alliance\u00a0: Tous les Amis d&#039;Isra\u00ebl\u00a0\u00bb (AIC) sont rendues possibles gr\u00e2ce au g\u00e9n\u00e9reux soutien de partenaires en Isra\u00ebl et dans le monde entier\u00a0: fondations et f\u00e9d\u00e9rations, donateurs priv\u00e9s, entreprises, minist\u00e8res, collectivit\u00e9s locales, r\u00e9seaux \u00e9ducatifs et organisations du secteur associatif. Pour plus d&#039;informations, rendez-vous sur\u00a0!","robots":{"index":"index","follow":"follow","max-snippet":"max-snippet:-1","max-image-preview":"max-image-preview:large","max-video-preview":"max-video-preview:-1"},"canonical":"https:\/\/www.kiah.org.il\/fr\/\u05e9\u05d5\u05ea\u05e4\u05d9\u05dd\/","og_locale":"fr_FR","og_type":"article","og_title":"\u05e4\u05e2\u05d9\u05dc\u05d5\u05ea \u05d0\u05e8\u05d2\u05d5\u05df \u05d0\u05dc\u05d9\u05d0\u05e0\u05e1: \u05db\u05dc \u05d9\u05e9\u05e8\u05d0\u05dc \u05d7\u05d1\u05e8\u05d9\u05dd (\u05db\u05d9\"\u05d7) \u05de\u05ea\u05d0\u05e4\u05e9\u05e8\u05ea \u05d4\u05d5\u05d3\u05d5\u05ea \u05dc\u05e9\u05d5\u05ea\u05e4\u05d9\u05e0\u05d5","og_description":"\u05e4\u05e2\u05d9\u05dc\u05d5\u05ea \u05d0\u05e8\u05d2\u05d5\u05df '\u05d0\u05dc\u05d9\u05d0\u05e0\u05e1: \u05db\u05dc \u05d9\u05e9\u05e8\u05d0\u05dc \u05d7\u05d1\u05e8\u05d9\u05dd' (\u05db\u05d9\"\u05d7) \u05de\u05ea\u05d0\u05e4\u05e9\u05e8\u05ea \u05d4\u05d5\u05d3\u05d5\u05ea \u05dc\u05ea\u05de\u05d9\u05db\u05ea\u05dd \u05d4\u05e0\u05d3\u05d9\u05d1\u05d4 \u05e9\u05dc \u05e9\u05d5\u05ea\u05e4\u05d9\u05dd \u05d1\u05d0\u05e8\u05e5 \u05d5\u05d1\u05e2\u05d5\u05dc\u05dd. \u05e7\u05e8\u05e0\u05d5\u05ea \u05d5\u05e4\u05d3\u05e8\u05e6\u05d9\u05d5\u05ea, \u05ea\u05d5\u05e8\u05de\u05d9\u05dd \u05e4\u05e8\u05d8\u05d9\u05d9\u05dd, \u05d7\u05d1\u05e8\u05d5\u05ea \u05e2\u05e1\u05e7\u05d9\u05d5\u05ea, \u05de\u05e9\u05e8\u05d3\u05d9 \u05de\u05de\u05e9\u05dc\u05d4, \u05e8\u05e9\u05d5\u05d9\u05d5\u05ea \u05de\u05e7\u05d5\u05de\u05d9\u05d5\u05ea, \u05e8\u05e9\u05ea\u05d5\u05ea \u05d7\u05d9\u05e0\u05d5\u05da \u05d5\u05d0\u05e8\u05d2\u05d5\u05e0\u05d9 \u05de\u05d2\u05d6\u05e8 \u05e9\u05dc\u05d9\u05e9\u05d9. \u05dc\u05e4\u05e8\u05d8\u05d9\u05dd \u05d4\u05d9\u05db\u05e0\u05e1\u05d5!","og_url":"https:\/\/www.kiah.org.il\/fr\/\u05e9\u05d5\u05ea\u05e4\u05d9\u05dd\/","og_site_name":"\u05db\u05dc \u05d9\u05e9\u05e8\u05d0\u05dc \u05d7\u05d1\u05e8\u05d9\u05dd","article_publisher":"https:\/\/www.facebook.com\/AllianceKIAH","article_modified_time":"2025-12-20T09:06:19+00:00","og_image":[{"width":1800,"height":1273,"url":"https:\/\/www.kiah.org.il\/wp-content\/uploads\/2025\/04\/shutafim4.jpg","type":"image\/jpeg"}],"twitter_card":"summary_large_image","twitter_misc":{"Dur\u00e9e de lecture estim\u00e9e":"1 minute"},"schema":{"@context":"https:\/\/schema.org","@graph":[{"@type":"WebPage","@id":"https:\/\/www.kiah.org.il\/%d7%a9%d7%95%d7%aa%d7%a4%d7%99%d7%9d\/","url":"https:\/\/www.kiah.org.il\/%d7%a9%d7%95%d7%aa%d7%a4%d7%99%d7%9d\/","name":"Les activit\u00e9s de l&#039;organisation Alliance : Tous les Amis d&#039;Isra\u00ebl (KJF) sont rendues possibles gr\u00e2ce \u00e0 nos partenaires","isPartOf":{"@id":"https:\/\/www.kiah.org.il\/#website"},"primaryImageOfPage":{"@id":"https:\/\/www.kiah.org.il\/%d7%a9%d7%95%d7%aa%d7%a4%d7%99%d7%9d\/#primaryimage"},"image":{"@id":"https:\/\/www.kiah.org.il\/%d7%a9%d7%95%d7%aa%d7%a4%d7%99%d7%9d\/#primaryimage"},"thumbnailUrl":"https:\/\/www.kiah.org.il\/wp-content\/uploads\/2025\/04\/shutafim4-1024x724.jpg","datePublished":"2020-08-09T08:16:36+00:00","dateModified":"2025-12-20T09:06:19+00:00","description":"Les activit\u00e9s de l&#039;organisation \u00ab\u00a0Alliance\u00a0: Tous les Amis d&#039;Isra\u00ebl\u00a0\u00bb (AIC) sont rendues possibles gr\u00e2ce au g\u00e9n\u00e9reux soutien de partenaires en Isra\u00ebl et dans le monde entier\u00a0: fondations et f\u00e9d\u00e9rations, donateurs priv\u00e9s, entreprises, minist\u00e8res, collectivit\u00e9s locales, r\u00e9seaux \u00e9ducatifs et organisations du secteur associatif. Pour plus d&#039;informations, rendez-vous sur\u00a0!","breadcrumb":{"@id":"https:\/\/www.kiah.org.il\/%d7%a9%d7%95%d7%aa%d7%a4%d7%99%d7%9d\/#breadcrumb"},"inLanguage":"fr-FR","potentialAction":[{"@type":"ReadAction","target":["https:\/\/www.kiah.org.il\/%d7%a9%d7%95%d7%aa%d7%a4%d7%99%d7%9d\/"]}]},{"@type":"ImageObject","inLanguage":"fr-FR","@id":"https:\/\/www.kiah.org.il\/%d7%a9%d7%95%d7%aa%d7%a4%d7%99%d7%9d\/#primaryimage","url":"https:\/\/www.kiah.org.il\/wp-content\/uploads\/2025\/04\/shutafim4-1024x724.jpg","contentUrl":"https:\/\/www.kiah.org.il\/wp-content\/uploads\/2025\/04\/shutafim4-1024x724.jpg"},{"@type":"BreadcrumbList","@id":"https:\/\/www.kiah.org.il\/%d7%a9%d7%95%d7%aa%d7%a4%d7%99%d7%9d\/#breadcrumb","itemListElement":[{"@type":"ListItem","position":1,"name":"\u05d3\u05e3 \u05d4\u05d1\u05d9\u05ea","item":"https:\/\/www.kiah.org.il\/"},{"@type":"ListItem","position":2,"name":"\u05e9\u05d5\u05ea\u05e4\u05d9\u05dd"}]},{"@type":"WebSite","@id":"https:\/\/www.kiah.org.il\/#website","url":"https:\/\/www.kiah.org.il\/","name":"Tout Isra\u00ebl est ami","description":"Favoriser l\u2019excellence \u00e9ducative et le leadership local en p\u00e9riph\u00e9rie, tout en cultivant un Juda\u00efsme isra\u00e9lien ouvert et f\u00e9d\u00e9rateur","publisher":{"@id":"https:\/\/www.kiah.org.il\/#organization"},"potentialAction":[{"@type":"SearchAction","target":{"@type":"EntryPoint","urlTemplate":"https:\/\/www.kiah.org.il\/?s={search_term_string}"},"query-input":{"@type":"PropertyValueSpecification","valueRequired":true,"valueName":"search_term_string"}}],"inLanguage":"fr-FR"},{"@type":"Organization","@id":"https:\/\/www.kiah.org.il\/#organization","name":"Tout Isra\u00ebl est ami","url":"https:\/\/www.kiah.org.il\/","logo":{"@type":"ImageObject","inLanguage":"fr-FR","@id":"https:\/\/www.kiah.org.il\/#\/schema\/logo\/image\/","url":"https:\/\/www.kiah.org.il\/wp-content\/uploads\/2020\/08\/\u05db\u05d9\u05d7.png","contentUrl":"https:\/\/www.kiah.org.il\/wp-content\/uploads\/2020\/08\/\u05db\u05d9\u05d7.png","width":1193,"height":780,"caption":"\u05db\u05dc \u05d9\u05e9\u05e8\u05d0\u05dc \u05d7\u05d1\u05e8\u05d9\u05dd"},"image":{"@id":"https:\/\/www.kiah.org.il\/#\/schema\/logo\/image\/"},"sameAs":["https:\/\/www.facebook.com\/AllianceKIAH","https:\/\/www.instagram.com\/alliance.kiah\/?igsh=NmQxM3JncnZvYmxz"]}]}},"_links":{"self":[{"href":"https:\/\/www.kiah.org.il\/fr\/wp-json\/wp\/v2\/pages\/141","targetHints":{"allow":["GET"]}}],"collection":[{"href":"https:\/\/www.kiah.org.il\/fr\/wp-json\/wp\/v2\/pages"}],"about":[{"href":"https:\/\/www.kiah.org.il\/fr\/wp-json\/wp\/v2\/types\/page"}],"author":[{"embeddable":true,"href":"https:\/\/www.kiah.org.il\/fr\/wp-json\/wp\/v2\/users\/2"}],"replies":[{"embeddable":true,"href":"https:\/\/www.kiah.org.il\/fr\/wp-json\/wp\/v2\/comments?post=141"}],"version-history":[{"count":10,"href":"https:\/\/www.kiah.org.il\/fr\/wp-json\/wp\/v2\/pages\/141\/revisions"}],"predecessor-version":[{"id":8496,"href":"https:\/\/www.kiah.org.il\/fr\/wp-json\/wp\/v2\/pages\/141\/revisions\/8496"}],"wp:attachment":[{"href":"https:\/\/www.kiah.org.il\/fr\/wp-json\/wp\/v2\/media?parent=141"}],"curies":[{"name":"wp","href":"https:\/\/api.w.org\/{rel}","templated":true}]}}