{"id":5641,"date":"2024-12-12T10:16:26","date_gmt":"2024-12-12T08:16:26","guid":{"rendered":"https:\/\/www.kiah.org.il\/?page_id=5641"},"modified":"2025-03-29T15:54:53","modified_gmt":"2025-03-29T13:54:53","slug":"%d7%94%d7%a6%d7%94%d7%a8%d7%aa-%d7%a0%d7%92%d7%99%d7%a9%d7%95%d7%aa","status":"publish","type":"page","link":"https:\/\/www.kiah.org.il\/fr\/%d7%94%d7%a6%d7%94%d7%a8%d7%aa-%d7%a0%d7%92%d7%99%d7%a9%d7%95%d7%aa\/","title":{"rendered":"D\u00e9claration d&#039;accessibilit\u00e9 pour le site Web \u00ab\u00a0Alliance\u00a0: les amis de tous les Isra\u00e9liens\u00a0\u00bb (28)"},"content":{"rendered":"<p><span style=\"font-weight: 400;\">\u00ab Kol Israel Friends \u00bb accorde la plus haute importance \u00e0 rendre le site Web accessible aux personnes handicap\u00e9es, permettant ainsi \u00e0 la majorit\u00e9 de la population de naviguer sur le site facilement et confortablement.<\/span><\/p>\n<h2><b>Vous trouverez ci-dessous quelques-unes des mesures prises pour rendre le site Web accessible :<\/b><\/h2>\n<ul>\n<li style=\"font-weight: 400;\" aria-level=\"1\"><span style=\"font-weight: 400;\">Les outils de navigation et d&#039;orientation du site sont simples et faciles \u00e0 utiliser.<\/span><\/li>\n<li style=\"font-weight: 400;\" aria-level=\"1\"><span style=\"font-weight: 400;\">Le contenu du site est r\u00e9dig\u00e9 dans un langage simple, clair et bien organis\u00e9 \u00e0 l&#039;aide de titres et de listes.<\/span><\/li>\n<li style=\"font-weight: 400;\" aria-level=\"1\"><span style=\"font-weight: 400;\">Une structure fixe et uniforme pour tous les sous-sites et pages du site.\u00a0<\/span><\/li>\n<li style=\"font-weight: 400;\" aria-level=\"1\"><span style=\"font-weight: 400;\">Le site est optimis\u00e9 pour \u00eatre visualis\u00e9 dans diff\u00e9rents types de navigateurs (Chrome, Mozilla).<\/span><\/li>\n<li style=\"font-weight: 400;\" aria-level=\"1\"><span style=\"font-weight: 400;\">Adaptation du site Web aux environnements de travail avec diff\u00e9rentes r\u00e9solutions.<\/span><\/li>\n<li style=\"font-weight: 400;\" aria-level=\"1\"><span style=\"font-weight: 400;\">Le site vous permet de modifier la taille de la police en utilisant la touche CTRL et la molette de la souris.<\/span><\/li>\n<li style=\"font-weight: 400;\" aria-level=\"1\"><span style=\"font-weight: 400;\">Possibilit\u00e9 de modifier les couleurs sur le site \u00e0 l&#039;aide de la barre d&#039;accessibilit\u00e9.\u00a0<\/span><\/li>\n<\/ul>\n<h3><b>Restrictions d&#039;accessibilit\u00e9<\/b><\/h3>\n<p><span style=\"font-weight: 400;\">Il est \u00e0 noter que malgr\u00e9 nos efforts pour rendre toutes les pages du site accessibles, il est possible que certaines parties du site ne soient pas encore accessibles.<br \/>\n<\/span><span style=\"font-weight: 400;\">Nous poursuivons nos efforts pour am\u00e9liorer l\u2019accessibilit\u00e9 du site dans le cadre de notre engagement \u00e0 permettre son utilisation par l\u2019ensemble de la population, y compris les personnes handicap\u00e9es.<\/span><\/p>\n<h3><b>Accessibilit\u00e9 des documents<\/b><\/h3>\n<p><span style=\"font-weight: 400;\">Nous avons rendu tous les documents du site accessibles.<br \/>\n<\/span><span style=\"font-weight: 400;\">Si vous rencontrez un fichier qui n&#039;est pas accessible et que vous avez besoin d&#039;ajustements d&#039;accessibilit\u00e9, veuillez nous contacter sur la page <\/span><span style=\"font-weight: 400;\">Contactez-nous (lien vers la page de contact)<\/span><span style=\"font-weight: 400;\">.<\/span><\/p>\n<h4><b>Directives d&#039;accessibilit\u00e9<\/b><\/h4>\n<p><span style=\"font-weight: 400;\">Vous pouvez consulter les directives d&#039;accessibilit\u00e9 des sites Web 2.0 :<\/span><\/p>\n<p><span style=\"font-weight: 400;\">En h\u00e9breu : <\/span><a href=\"http:\/\/www.isoc.org.il\/w3c-wai\/guidelines.html\" target=\"_blank\" rel=\"noopener noreferrer nofollow\"><span style=\"font-weight: 400;\">http:\/\/www.isoc.org.il\/w3c-wai\/guidelines.html<\/span><\/a><\/p>\n<p><span style=\"font-weight: 400;\">En anglais: <\/span><a href=\"http:\/\/www.w3.org\/TR\/2008\/REC-WCAG20-20081211\/\" target=\"_blank\" rel=\"noopener noreferrer nofollow\"><span style=\"font-weight: 400;\">http:\/\/www.w3.org\/TR\/2008\/REC-WCAG20-20081211<\/span><\/a><\/p>","protected":false},"excerpt":{"rendered":"<p>&quot;\u05db\u05dc \u05d9\u05e9\u05e8\u05d0\u05dc \u05d7\u05d1\u05e8\u05d9\u05dd&quot; \u05e8\u05d5\u05d0\u05d4 \u05d7\u05e9\u05d9\u05d1\u05d5\u05ea \u05e2\u05dc\u05d9\u05d5\u05e0\u05d4 \u05d1\u05d4\u05e0\u05d2\u05e9\u05ea \u05d0\u05ea\u05e8 \u05d4\u05d0\u05d9\u05e0\u05d8\u05e8\u05e0\u05d8 \u05dc\u05d0\u05e0\u05e9\u05d9\u05dd \u05e2\u05dd \u05de\u05d5\u05d2\u05d1\u05dc\u05d5\u05d9\u05d5\u05ea, \u05d5\u05d1\u05db\u05da \u05dc\u05d0\u05e4\u05e9\u05e8 \u05dc\u05de\u05e8\u05d1\u05d9\u05ea \u05d4\u05d0\u05d5\u05db\u05dc\u05d5\u05e1\u05d9\u05d9\u05d4 \u05dc\u05d2\u05dc\u05d5\u05e9 \u05d1\u05e7\u05dc\u05d5\u05ea \u05d5\u05d1\u05e0\u05d5\u05d7\u05d5\u05ea \u05d1\u05d0\u05ea\u05e8. \u05dc\u05d4\u05dc\u05df \u05d7\u05dc\u05e7 \u05de\u05d4\u05e4\u05e2\u05d5\u05dc\u05d5\u05ea \u05e9\u05d1\u05d5\u05e6\u05e2\u05d5 \u05d1\u05de\u05e1\u05d2\u05e8\u05ea \u05d4\u05e0\u05d2\u05e9\u05ea \u05d0\u05ea\u05e8 \u05d4\u05d0\u05d9\u05e0\u05d8\u05e8\u05e0\u05d8: \u05d0\u05de\u05e6\u05e2\u05d9 \u05d4\u05e0\u05d9\u05d5\u05d5\u05d8 \u05d5\u05d4\u05d4\u05ea\u05de\u05e6\u05d0\u05d5\u05ea \u05d1\u05d0\u05ea\u05e8 \u05e4\u05e9\u05d5\u05d8\u05d9\u05dd \u05d5\u05e0\u05d5\u05d7\u05d9\u05dd \u05dc\u05e9\u05d9\u05de\u05d5\u05e9. \u05ea\u05db\u05e0\u05d9 \u05d4\u05d0\u05ea\u05e8 \u05db\u05ea\u05d5\u05d1\u05d9\u05dd \u05d1\u05e9\u05e4\u05d4 \u05e4\u05e9\u05d5\u05d8\u05d4 \u05d5\u05d1\u05e8\u05d5\u05e8\u05d4 \u05d5\u05de\u05d0\u05d5\u05e8\u05d2\u05e0\u05d9\u05dd \u05d4\u05d9\u05d8\u05d1 \u05d1\u05d0\u05de\u05e6\u05e2\u05d5\u05ea \u05db\u05d5\u05ea\u05e8\u05d5\u05ea \u05d5\u05e8\u05e9\u05d9\u05de\u05d5\u05ea. \u05de\u05d1\u05e0\u05d4 \u05e7\u05d1\u05d5\u05e2 \u05d5\u05d0\u05d7\u05d9\u05d3 \u05dc\u05db\u05dc\u05dc \u05ea\u05ea\u05d9 \u05d4\u05d0\u05ea\u05e8\u05d9\u05dd \u05d5\u05d4\u05d3\u05e4\u05d9\u05dd \u05d1\u05d0\u05ea\u05e8.\u00a0 \u05d4\u05d0\u05ea\u05e8 [&hellip;]<\/p>\n","protected":false},"author":2,"featured_media":0,"parent":0,"menu_order":0,"comment_status":"closed","ping_status":"closed","template":"","meta":{"_acf_changed":false,"ocean_post_layout":"","ocean_both_sidebars_style":"","ocean_both_sidebars_content_width":0,"ocean_both_sidebars_sidebars_width":0,"ocean_sidebar":"0","ocean_second_sidebar":"0","ocean_disable_margins":"enable","ocean_add_body_class":"","ocean_shortcode_before_top_bar":"","ocean_shortcode_after_top_bar":"","ocean_shortcode_before_header":"","ocean_shortcode_after_header":"","ocean_has_shortcode":"","ocean_shortcode_after_title":"","ocean_shortcode_before_footer_widgets":"","ocean_shortcode_after_footer_widgets":"","ocean_shortcode_before_footer_bottom":"","ocean_shortcode_after_footer_bottom":"","ocean_display_top_bar":"default","ocean_display_header":"default","ocean_header_style":"","ocean_center_header_left_menu":"0","ocean_custom_header_template":"0","ocean_custom_logo":0,"ocean_custom_retina_logo":0,"ocean_custom_logo_max_width":0,"ocean_custom_logo_tablet_max_width":0,"ocean_custom_logo_mobile_max_width":0,"ocean_custom_logo_max_height":0,"ocean_custom_logo_tablet_max_height":0,"ocean_custom_logo_mobile_max_height":0,"ocean_header_custom_menu":"0","ocean_menu_typo_font_family":"0","ocean_menu_typo_font_subset":"","ocean_menu_typo_font_size":0,"ocean_menu_typo_font_size_tablet":0,"ocean_menu_typo_font_size_mobile":0,"ocean_menu_typo_font_size_unit":"px","ocean_menu_typo_font_weight":"","ocean_menu_typo_font_weight_tablet":"","ocean_menu_typo_font_weight_mobile":"","ocean_menu_typo_transform":"","ocean_menu_typo_transform_tablet":"","ocean_menu_typo_transform_mobile":"","ocean_menu_typo_line_height":0,"ocean_menu_typo_line_height_tablet":0,"ocean_menu_typo_line_height_mobile":0,"ocean_menu_typo_line_height_unit":"","ocean_menu_typo_spacing":0,"ocean_menu_typo_spacing_tablet":0,"ocean_menu_typo_spacing_mobile":0,"ocean_menu_typo_spacing_unit":"","ocean_menu_link_color":"","ocean_menu_link_color_hover":"","ocean_menu_link_color_active":"","ocean_menu_link_background":"","ocean_menu_link_hover_background":"","ocean_menu_link_active_background":"","ocean_menu_social_links_bg":"","ocean_menu_social_hover_links_bg":"","ocean_menu_social_links_color":"","ocean_menu_social_hover_links_color":"","ocean_disable_title":"default","ocean_disable_heading":"default","ocean_post_title":"","ocean_post_subheading":"","ocean_post_title_style":"","ocean_post_title_background_color":"","ocean_post_title_background":0,"ocean_post_title_bg_image_position":"","ocean_post_title_bg_image_attachment":"","ocean_post_title_bg_image_repeat":"","ocean_post_title_bg_image_size":"","ocean_post_title_height":0,"ocean_post_title_bg_overlay":0.5,"ocean_post_title_bg_overlay_color":"","ocean_disable_breadcrumbs":"default","ocean_breadcrumbs_color":"","ocean_breadcrumbs_separator_color":"","ocean_breadcrumbs_links_color":"","ocean_breadcrumbs_links_hover_color":"","ocean_display_footer_widgets":"default","ocean_display_footer_bottom":"default","ocean_custom_footer_template":"0","iawp_total_views":48,"footnotes":""},"class_list":["post-5641","page","type-page","status-publish","hentry","entry"],"acf":[],"yoast_head":"<!-- This site is optimized with the Yoast SEO plugin v27.5 - https:\/\/yoast.com\/product\/yoast-seo-wordpress\/ -->\n<title>\u05d4\u05e6\u05d4\u05e8\u05ea \u05e0\u05d2\u05d9\u05e9\u05d5\u05ea \u05d1\u05d0\u05ea\u05e8 &#039;\u05d0\u05dc\u05d9\u05d0\u05e0\u05e1: \u05db\u05dc \u05d9\u05e9\u05e8\u05d0\u05dc \u05d7\u05d1\u05e8\u05d9\u05dd&#039; (\u05db\u05d9&quot;\u05d7)<\/title>\n<meta name=\"description\" content=\"\u05d4\u05e6\u05d4\u05e8\u05ea \u05e0\u05d2\u05d9\u05e9\u05d5\u05ea \u05dc\u05d0\u05ea\u05e8 &#039;\u05d0\u05dc\u05d9\u05d0\u05e0\u05e1: \u05db\u05dc \u05d9\u05e9\u05e8\u05d0\u05dc \u05d7\u05d1\u05e8\u05d9\u05dd&#039; (\u05db\u05d9&quot;\u05d7). &quot;\u05db\u05dc \u05d9\u05e9\u05e8\u05d0\u05dc \u05d7\u05d1\u05e8\u05d9\u05dd&quot; \u05e8\u05d5\u05d0\u05d4 \u05d7\u05e9\u05d9\u05d1\u05d5\u05ea \u05e2\u05dc\u05d9\u05d5\u05e0\u05d4 \u05d1\u05d4\u05e0\u05d2\u05e9\u05ea \u05d0\u05ea\u05e8 \u05d4\u05d0\u05d9\u05e0\u05d8\u05e8\u05e0\u05d8 \u05dc\u05d0\u05e0\u05e9\u05d9\u05dd \u05e2\u05dd \u05de\u05d5\u05d2\u05d1\u05dc\u05d5\u05d9\u05d5\u05ea, \u05d5\u05d1\u05db\u05da \u05dc\u05d0\u05e4\u05e9\u05e8 \u05dc\u05de\u05e8\u05d1\u05d9\u05ea \u05d4\u05d0\u05d5\u05db\u05dc\u05d5\u05e1\u05d9\u05d9\u05d4 \u05dc\u05d2\u05dc\u05d5\u05e9 \u05d1\u05e7\u05dc\u05d5\u05ea \u05d5\u05d1\u05e0\u05d5\u05d7\u05d5\u05ea \u05d1\u05d0\u05ea\u05e8.\u05d1\u05de\u05d9\u05d3\u05d4 \u05d5\u05e0\u05ea\u05e7\u05dc\u05ea\u05dd \u05d1\u05e7\u05d5\u05d1\u05e5 \u05e9\u05d0\u05d9\u05e0\u05d5 \u05e0\u05d2\u05d9\u05e9, \u05d5\u05d4\u05e0\u05db\u05dd \u05d6\u05e7\u05d5\u05e7\u05d9\u05dd \u05dc\u05d4\u05ea\u05d0\u05de\u05d5\u05ea \u05e0\u05d2\u05d9\u05e9\u05d5\u05ea, \u05d0\u05e0\u05d0 \u05e4\u05e0\u05d5 \u05d0\u05dc\u05d9\u05e0\u05d5 \u05d1\u05d3\u05e3 \u05e6\u05d5\u05e8 \u05e7\u05e9\u05e8.\" \/>\n<meta name=\"robots\" content=\"index, follow, max-snippet:-1, max-image-preview:large, max-video-preview:-1\" \/>\n<link rel=\"canonical\" href=\"https:\/\/www.kiah.org.il\/fr\/\u05d4\u05e6\u05d4\u05e8\u05ea-\u05e0\u05d2\u05d9\u05e9\u05d5\u05ea\/\" \/>\n<meta property=\"og:locale\" content=\"fr_FR\" \/>\n<meta property=\"og:type\" content=\"article\" \/>\n<meta property=\"og:title\" content=\"\u05d4\u05e6\u05d4\u05e8\u05ea \u05e0\u05d2\u05d9\u05e9\u05d5\u05ea \u05d1\u05d0\u05ea\u05e8 &#039;\u05d0\u05dc\u05d9\u05d0\u05e0\u05e1: \u05db\u05dc \u05d9\u05e9\u05e8\u05d0\u05dc \u05d7\u05d1\u05e8\u05d9\u05dd&#039; (\u05db\u05d9&quot;\u05d7)\" \/>\n<meta property=\"og:description\" content=\"\u05d4\u05e6\u05d4\u05e8\u05ea \u05e0\u05d2\u05d9\u05e9\u05d5\u05ea \u05dc\u05d0\u05ea\u05e8 &#039;\u05d0\u05dc\u05d9\u05d0\u05e0\u05e1: \u05db\u05dc \u05d9\u05e9\u05e8\u05d0\u05dc \u05d7\u05d1\u05e8\u05d9\u05dd&#039; (\u05db\u05d9&quot;\u05d7). &quot;\u05db\u05dc \u05d9\u05e9\u05e8\u05d0\u05dc \u05d7\u05d1\u05e8\u05d9\u05dd&quot; \u05e8\u05d5\u05d0\u05d4 \u05d7\u05e9\u05d9\u05d1\u05d5\u05ea \u05e2\u05dc\u05d9\u05d5\u05e0\u05d4 \u05d1\u05d4\u05e0\u05d2\u05e9\u05ea \u05d0\u05ea\u05e8 \u05d4\u05d0\u05d9\u05e0\u05d8\u05e8\u05e0\u05d8 \u05dc\u05d0\u05e0\u05e9\u05d9\u05dd \u05e2\u05dd \u05de\u05d5\u05d2\u05d1\u05dc\u05d5\u05d9\u05d5\u05ea, \u05d5\u05d1\u05db\u05da \u05dc\u05d0\u05e4\u05e9\u05e8 \u05dc\u05de\u05e8\u05d1\u05d9\u05ea \u05d4\u05d0\u05d5\u05db\u05dc\u05d5\u05e1\u05d9\u05d9\u05d4 \u05dc\u05d2\u05dc\u05d5\u05e9 \u05d1\u05e7\u05dc\u05d5\u05ea \u05d5\u05d1\u05e0\u05d5\u05d7\u05d5\u05ea \u05d1\u05d0\u05ea\u05e8.\u05d1\u05de\u05d9\u05d3\u05d4 \u05d5\u05e0\u05ea\u05e7\u05dc\u05ea\u05dd \u05d1\u05e7\u05d5\u05d1\u05e5 \u05e9\u05d0\u05d9\u05e0\u05d5 \u05e0\u05d2\u05d9\u05e9, \u05d5\u05d4\u05e0\u05db\u05dd \u05d6\u05e7\u05d5\u05e7\u05d9\u05dd \u05dc\u05d4\u05ea\u05d0\u05de\u05d5\u05ea \u05e0\u05d2\u05d9\u05e9\u05d5\u05ea, \u05d0\u05e0\u05d0 \u05e4\u05e0\u05d5 \u05d0\u05dc\u05d9\u05e0\u05d5 \u05d1\u05d3\u05e3 \u05e6\u05d5\u05e8 \u05e7\u05e9\u05e8.\" \/>\n<meta property=\"og:url\" content=\"https:\/\/www.kiah.org.il\/fr\/\u05d4\u05e6\u05d4\u05e8\u05ea-\u05e0\u05d2\u05d9\u05e9\u05d5\u05ea\/\" \/>\n<meta property=\"og:site_name\" content=\"\u05db\u05dc \u05d9\u05e9\u05e8\u05d0\u05dc \u05d7\u05d1\u05e8\u05d9\u05dd\" \/>\n<meta property=\"article:publisher\" content=\"https:\/\/www.facebook.com\/AllianceKIAH\" \/>\n<meta property=\"article:modified_time\" content=\"2025-03-29T13:54:53+00:00\" \/>\n<meta name=\"twitter:card\" content=\"summary_large_image\" \/>\n<meta name=\"twitter:label1\" content=\"Dur\u00e9e de lecture estim\u00e9e\" \/>\n\t<meta name=\"twitter:data1\" content=\"1 minute\" \/>\n<script type=\"application\/ld+json\" class=\"yoast-schema-graph\">{\"@context\":\"https:\\\/\\\/schema.org\",\"@graph\":[{\"@type\":\"WebPage\",\"@id\":\"https:\\\/\\\/www.kiah.org.il\\\/%d7%94%d7%a6%d7%94%d7%a8%d7%aa-%d7%a0%d7%92%d7%99%d7%a9%d7%95%d7%aa\\\/\",\"url\":\"https:\\\/\\\/www.kiah.org.il\\\/%d7%94%d7%a6%d7%94%d7%a8%d7%aa-%d7%a0%d7%92%d7%99%d7%a9%d7%95%d7%aa\\\/\",\"name\":\"\u05d4\u05e6\u05d4\u05e8\u05ea \u05e0\u05d2\u05d9\u05e9\u05d5\u05ea \u05d1\u05d0\u05ea\u05e8 '\u05d0\u05dc\u05d9\u05d0\u05e0\u05e1: \u05db\u05dc \u05d9\u05e9\u05e8\u05d0\u05dc \u05d7\u05d1\u05e8\u05d9\u05dd' (\u05db\u05d9\\\"\u05d7)\",\"isPartOf\":{\"@id\":\"https:\\\/\\\/www.kiah.org.il\\\/#website\"},\"datePublished\":\"2024-12-12T08:16:26+00:00\",\"dateModified\":\"2025-03-29T13:54:53+00:00\",\"description\":\"\u05d4\u05e6\u05d4\u05e8\u05ea \u05e0\u05d2\u05d9\u05e9\u05d5\u05ea \u05dc\u05d0\u05ea\u05e8 '\u05d0\u05dc\u05d9\u05d0\u05e0\u05e1: \u05db\u05dc \u05d9\u05e9\u05e8\u05d0\u05dc \u05d7\u05d1\u05e8\u05d9\u05dd' (\u05db\u05d9\\\"\u05d7). \\\"\u05db\u05dc \u05d9\u05e9\u05e8\u05d0\u05dc \u05d7\u05d1\u05e8\u05d9\u05dd\\\" \u05e8\u05d5\u05d0\u05d4 \u05d7\u05e9\u05d9\u05d1\u05d5\u05ea \u05e2\u05dc\u05d9\u05d5\u05e0\u05d4 \u05d1\u05d4\u05e0\u05d2\u05e9\u05ea \u05d0\u05ea\u05e8 \u05d4\u05d0\u05d9\u05e0\u05d8\u05e8\u05e0\u05d8 \u05dc\u05d0\u05e0\u05e9\u05d9\u05dd \u05e2\u05dd \u05de\u05d5\u05d2\u05d1\u05dc\u05d5\u05d9\u05d5\u05ea, \u05d5\u05d1\u05db\u05da \u05dc\u05d0\u05e4\u05e9\u05e8 \u05dc\u05de\u05e8\u05d1\u05d9\u05ea \u05d4\u05d0\u05d5\u05db\u05dc\u05d5\u05e1\u05d9\u05d9\u05d4 \u05dc\u05d2\u05dc\u05d5\u05e9 \u05d1\u05e7\u05dc\u05d5\u05ea \u05d5\u05d1\u05e0\u05d5\u05d7\u05d5\u05ea \u05d1\u05d0\u05ea\u05e8.\u05d1\u05de\u05d9\u05d3\u05d4 \u05d5\u05e0\u05ea\u05e7\u05dc\u05ea\u05dd \u05d1\u05e7\u05d5\u05d1\u05e5 \u05e9\u05d0\u05d9\u05e0\u05d5 \u05e0\u05d2\u05d9\u05e9, \u05d5\u05d4\u05e0\u05db\u05dd \u05d6\u05e7\u05d5\u05e7\u05d9\u05dd \u05dc\u05d4\u05ea\u05d0\u05de\u05d5\u05ea \u05e0\u05d2\u05d9\u05e9\u05d5\u05ea, \u05d0\u05e0\u05d0 \u05e4\u05e0\u05d5 \u05d0\u05dc\u05d9\u05e0\u05d5 \u05d1\u05d3\u05e3 \u05e6\u05d5\u05e8 \u05e7\u05e9\u05e8.\",\"breadcrumb\":{\"@id\":\"https:\\\/\\\/www.kiah.org.il\\\/%d7%94%d7%a6%d7%94%d7%a8%d7%aa-%d7%a0%d7%92%d7%99%d7%a9%d7%95%d7%aa\\\/#breadcrumb\"},\"inLanguage\":\"fr-FR\",\"potentialAction\":[{\"@type\":\"ReadAction\",\"target\":[\"https:\\\/\\\/www.kiah.org.il\\\/%d7%94%d7%a6%d7%94%d7%a8%d7%aa-%d7%a0%d7%92%d7%99%d7%a9%d7%95%d7%aa\\\/\"]}]},{\"@type\":\"BreadcrumbList\",\"@id\":\"https:\\\/\\\/www.kiah.org.il\\\/%d7%94%d7%a6%d7%94%d7%a8%d7%aa-%d7%a0%d7%92%d7%99%d7%a9%d7%95%d7%aa\\\/#breadcrumb\",\"itemListElement\":[{\"@type\":\"ListItem\",\"position\":1,\"name\":\"\u05d3\u05e3 \u05d4\u05d1\u05d9\u05ea\",\"item\":\"https:\\\/\\\/www.kiah.org.il\\\/\"},{\"@type\":\"ListItem\",\"position\":2,\"name\":\"\u05d4\u05e6\u05d4\u05e8\u05ea \u05e0\u05d2\u05d9\u05e9\u05d5\u05ea \u05dc\u05d0\u05ea\u05e8 '\u05d0\u05dc\u05d9\u05d0\u05e0\u05e1: \u05db\u05dc \u05d9\u05e9\u05e8\u05d0\u05dc \u05d7\u05d1\u05e8\u05d9\u05dd' (\u05db\u05d9&quot;\u05d7)\"}]},{\"@type\":\"WebSite\",\"@id\":\"https:\\\/\\\/www.kiah.org.il\\\/#website\",\"url\":\"https:\\\/\\\/www.kiah.org.il\\\/\",\"name\":\"\u05db\u05dc \u05d9\u05e9\u05e8\u05d0\u05dc \u05d7\u05d1\u05e8\u05d9\u05dd\",\"description\":\"\u05de\u05e6\u05d5\u05d9\u05e0\u05d5\u05ea \u05d7\u05d9\u05e0\u05d5\u05db\u05d9\u05ea \u05d5\u05de\u05e0\u05d4\u05d9\u05d2\u05d5\u05ea \u05de\u05e7\u05d5\u05de\u05d9\u05ea \u05d1\u05e4\u05e8\u05d9\u05e4\u05e8\u05d9\u05d4 \u05ea\u05d5\u05da \u05d8\u05d9\u05e4\u05d5\u05d7 \u05d9\u05d4\u05d3\u05d5\u05ea \u05d9\u05e9\u05e8\u05d0\u05dc\u05d9\u05ea \u05de\u05d7\u05d1\u05e8\u05ea\",\"publisher\":{\"@id\":\"https:\\\/\\\/www.kiah.org.il\\\/#organization\"},\"potentialAction\":[{\"@type\":\"SearchAction\",\"target\":{\"@type\":\"EntryPoint\",\"urlTemplate\":\"https:\\\/\\\/www.kiah.org.il\\\/?s={search_term_string}\"},\"query-input\":{\"@type\":\"PropertyValueSpecification\",\"valueRequired\":true,\"valueName\":\"search_term_string\"}}],\"inLanguage\":\"fr-FR\"},{\"@type\":\"Organization\",\"@id\":\"https:\\\/\\\/www.kiah.org.il\\\/#organization\",\"name\":\"\u05db\u05dc \u05d9\u05e9\u05e8\u05d0\u05dc \u05d7\u05d1\u05e8\u05d9\u05dd\",\"url\":\"https:\\\/\\\/www.kiah.org.il\\\/\",\"logo\":{\"@type\":\"ImageObject\",\"inLanguage\":\"fr-FR\",\"@id\":\"https:\\\/\\\/www.kiah.org.il\\\/#\\\/schema\\\/logo\\\/image\\\/\",\"url\":\"https:\\\/\\\/www.kiah.org.il\\\/wp-content\\\/uploads\\\/2020\\\/08\\\/\u05db\u05d9\u05d7.png\",\"contentUrl\":\"https:\\\/\\\/www.kiah.org.il\\\/wp-content\\\/uploads\\\/2020\\\/08\\\/\u05db\u05d9\u05d7.png\",\"width\":1193,\"height\":780,\"caption\":\"\u05db\u05dc \u05d9\u05e9\u05e8\u05d0\u05dc \u05d7\u05d1\u05e8\u05d9\u05dd\"},\"image\":{\"@id\":\"https:\\\/\\\/www.kiah.org.il\\\/#\\\/schema\\\/logo\\\/image\\\/\"},\"sameAs\":[\"https:\\\/\\\/www.facebook.com\\\/AllianceKIAH\",\"https:\\\/\\\/www.instagram.com\\\/alliance.kiah\\\/?igsh=NmQxM3JncnZvYmxz\"]}]}<\/script>\n<!-- \/ Yoast SEO plugin. -->","yoast_head_json":{"title":"D\u00e9claration d&#039;accessibilit\u00e9 pour le site Web \u00ab\u00a0Alliance\u00a0: les amis de tous les Isra\u00e9liens\u00a0\u00bb (28)","description":"D\u00e9claration d&#039;accessibilit\u00e9 pour le site web \u00ab\u00a0Alliance\u00a0: Les Amis de Tous les Isra\u00e9liens\u00a0\u00bb (KCH). \u00ab\u00a0Les Amis de Tous les Isra\u00e9liens\u00a0\u00bb accorde une importance capitale \u00e0 l&#039;accessibilit\u00e9 de son site web aux personnes en situation de handicap, permettant ainsi \u00e0 la majorit\u00e9 de la population de le parcourir facilement et confortablement. Si vous rencontrez un fichier inaccessible et que vous avez besoin d&#039;une modification d&#039;accessibilit\u00e9, veuillez nous contacter via la page \u00ab\u00a0Contactez-nous\u00a0\u00bb.","robots":{"index":"index","follow":"follow","max-snippet":"max-snippet:-1","max-image-preview":"max-image-preview:large","max-video-preview":"max-video-preview:-1"},"canonical":"https:\/\/www.kiah.org.il\/fr\/\u05d4\u05e6\u05d4\u05e8\u05ea-\u05e0\u05d2\u05d9\u05e9\u05d5\u05ea\/","og_locale":"fr_FR","og_type":"article","og_title":"\u05d4\u05e6\u05d4\u05e8\u05ea \u05e0\u05d2\u05d9\u05e9\u05d5\u05ea \u05d1\u05d0\u05ea\u05e8 '\u05d0\u05dc\u05d9\u05d0\u05e0\u05e1: \u05db\u05dc \u05d9\u05e9\u05e8\u05d0\u05dc \u05d7\u05d1\u05e8\u05d9\u05dd' (\u05db\u05d9\"\u05d7)","og_description":"\u05d4\u05e6\u05d4\u05e8\u05ea \u05e0\u05d2\u05d9\u05e9\u05d5\u05ea \u05dc\u05d0\u05ea\u05e8 '\u05d0\u05dc\u05d9\u05d0\u05e0\u05e1: \u05db\u05dc \u05d9\u05e9\u05e8\u05d0\u05dc \u05d7\u05d1\u05e8\u05d9\u05dd' (\u05db\u05d9\"\u05d7). \"\u05db\u05dc \u05d9\u05e9\u05e8\u05d0\u05dc \u05d7\u05d1\u05e8\u05d9\u05dd\" \u05e8\u05d5\u05d0\u05d4 \u05d7\u05e9\u05d9\u05d1\u05d5\u05ea \u05e2\u05dc\u05d9\u05d5\u05e0\u05d4 \u05d1\u05d4\u05e0\u05d2\u05e9\u05ea \u05d0\u05ea\u05e8 \u05d4\u05d0\u05d9\u05e0\u05d8\u05e8\u05e0\u05d8 \u05dc\u05d0\u05e0\u05e9\u05d9\u05dd \u05e2\u05dd \u05de\u05d5\u05d2\u05d1\u05dc\u05d5\u05d9\u05d5\u05ea, \u05d5\u05d1\u05db\u05da \u05dc\u05d0\u05e4\u05e9\u05e8 \u05dc\u05de\u05e8\u05d1\u05d9\u05ea \u05d4\u05d0\u05d5\u05db\u05dc\u05d5\u05e1\u05d9\u05d9\u05d4 \u05dc\u05d2\u05dc\u05d5\u05e9 \u05d1\u05e7\u05dc\u05d5\u05ea \u05d5\u05d1\u05e0\u05d5\u05d7\u05d5\u05ea \u05d1\u05d0\u05ea\u05e8.\u05d1\u05de\u05d9\u05d3\u05d4 \u05d5\u05e0\u05ea\u05e7\u05dc\u05ea\u05dd \u05d1\u05e7\u05d5\u05d1\u05e5 \u05e9\u05d0\u05d9\u05e0\u05d5 \u05e0\u05d2\u05d9\u05e9, \u05d5\u05d4\u05e0\u05db\u05dd \u05d6\u05e7\u05d5\u05e7\u05d9\u05dd \u05dc\u05d4\u05ea\u05d0\u05de\u05d5\u05ea \u05e0\u05d2\u05d9\u05e9\u05d5\u05ea, \u05d0\u05e0\u05d0 \u05e4\u05e0\u05d5 \u05d0\u05dc\u05d9\u05e0\u05d5 \u05d1\u05d3\u05e3 \u05e6\u05d5\u05e8 \u05e7\u05e9\u05e8.","og_url":"https:\/\/www.kiah.org.il\/fr\/\u05d4\u05e6\u05d4\u05e8\u05ea-\u05e0\u05d2\u05d9\u05e9\u05d5\u05ea\/","og_site_name":"\u05db\u05dc \u05d9\u05e9\u05e8\u05d0\u05dc \u05d7\u05d1\u05e8\u05d9\u05dd","article_publisher":"https:\/\/www.facebook.com\/AllianceKIAH","article_modified_time":"2025-03-29T13:54:53+00:00","twitter_card":"summary_large_image","twitter_misc":{"Dur\u00e9e de lecture estim\u00e9e":"1 minute"},"schema":{"@context":"https:\/\/schema.org","@graph":[{"@type":"WebPage","@id":"https:\/\/www.kiah.org.il\/%d7%94%d7%a6%d7%94%d7%a8%d7%aa-%d7%a0%d7%92%d7%99%d7%a9%d7%95%d7%aa\/","url":"https:\/\/www.kiah.org.il\/%d7%94%d7%a6%d7%94%d7%a8%d7%aa-%d7%a0%d7%92%d7%99%d7%a9%d7%95%d7%aa\/","name":"D\u00e9claration d&#039;accessibilit\u00e9 pour le site Web \u00ab\u00a0Alliance\u00a0: les amis de tous les Isra\u00e9liens\u00a0\u00bb (28)","isPartOf":{"@id":"https:\/\/www.kiah.org.il\/#website"},"datePublished":"2024-12-12T08:16:26+00:00","dateModified":"2025-03-29T13:54:53+00:00","description":"D\u00e9claration d&#039;accessibilit\u00e9 pour le site web \u00ab\u00a0Alliance\u00a0: Les Amis de Tous les Isra\u00e9liens\u00a0\u00bb (KCH). \u00ab\u00a0Les Amis de Tous les Isra\u00e9liens\u00a0\u00bb accorde une importance capitale \u00e0 l&#039;accessibilit\u00e9 de son site web aux personnes en situation de handicap, permettant ainsi \u00e0 la majorit\u00e9 de la population de le parcourir facilement et confortablement. Si vous rencontrez un fichier inaccessible et que vous avez besoin d&#039;une modification d&#039;accessibilit\u00e9, veuillez nous contacter via la page \u00ab\u00a0Contactez-nous\u00a0\u00bb.","breadcrumb":{"@id":"https:\/\/www.kiah.org.il\/%d7%94%d7%a6%d7%94%d7%a8%d7%aa-%d7%a0%d7%92%d7%99%d7%a9%d7%95%d7%aa\/#breadcrumb"},"inLanguage":"fr-FR","potentialAction":[{"@type":"ReadAction","target":["https:\/\/www.kiah.org.il\/%d7%94%d7%a6%d7%94%d7%a8%d7%aa-%d7%a0%d7%92%d7%99%d7%a9%d7%95%d7%aa\/"]}]},{"@type":"BreadcrumbList","@id":"https:\/\/www.kiah.org.il\/%d7%94%d7%a6%d7%94%d7%a8%d7%aa-%d7%a0%d7%92%d7%99%d7%a9%d7%95%d7%aa\/#breadcrumb","itemListElement":[{"@type":"ListItem","position":1,"name":"\u05d3\u05e3 \u05d4\u05d1\u05d9\u05ea","item":"https:\/\/www.kiah.org.il\/"},{"@type":"ListItem","position":2,"name":"\u05d4\u05e6\u05d4\u05e8\u05ea \u05e0\u05d2\u05d9\u05e9\u05d5\u05ea \u05dc\u05d0\u05ea\u05e8 '\u05d0\u05dc\u05d9\u05d0\u05e0\u05e1: \u05db\u05dc \u05d9\u05e9\u05e8\u05d0\u05dc \u05d7\u05d1\u05e8\u05d9\u05dd' (\u05db\u05d9&quot;\u05d7)"}]},{"@type":"WebSite","@id":"https:\/\/www.kiah.org.il\/#website","url":"https:\/\/www.kiah.org.il\/","name":"Tout Isra\u00ebl est ami","description":"Favoriser l\u2019excellence \u00e9ducative et le leadership local en p\u00e9riph\u00e9rie, tout en cultivant un Juda\u00efsme isra\u00e9lien ouvert et f\u00e9d\u00e9rateur","publisher":{"@id":"https:\/\/www.kiah.org.il\/#organization"},"potentialAction":[{"@type":"SearchAction","target":{"@type":"EntryPoint","urlTemplate":"https:\/\/www.kiah.org.il\/?s={search_term_string}"},"query-input":{"@type":"PropertyValueSpecification","valueRequired":true,"valueName":"search_term_string"}}],"inLanguage":"fr-FR"},{"@type":"Organization","@id":"https:\/\/www.kiah.org.il\/#organization","name":"Tout Isra\u00ebl est ami","url":"https:\/\/www.kiah.org.il\/","logo":{"@type":"ImageObject","inLanguage":"fr-FR","@id":"https:\/\/www.kiah.org.il\/#\/schema\/logo\/image\/","url":"https:\/\/www.kiah.org.il\/wp-content\/uploads\/2020\/08\/\u05db\u05d9\u05d7.png","contentUrl":"https:\/\/www.kiah.org.il\/wp-content\/uploads\/2020\/08\/\u05db\u05d9\u05d7.png","width":1193,"height":780,"caption":"\u05db\u05dc \u05d9\u05e9\u05e8\u05d0\u05dc \u05d7\u05d1\u05e8\u05d9\u05dd"},"image":{"@id":"https:\/\/www.kiah.org.il\/#\/schema\/logo\/image\/"},"sameAs":["https:\/\/www.facebook.com\/AllianceKIAH","https:\/\/www.instagram.com\/alliance.kiah\/?igsh=NmQxM3JncnZvYmxz"]}]}},"_links":{"self":[{"href":"https:\/\/www.kiah.org.il\/fr\/wp-json\/wp\/v2\/pages\/5641","targetHints":{"allow":["GET"]}}],"collection":[{"href":"https:\/\/www.kiah.org.il\/fr\/wp-json\/wp\/v2\/pages"}],"about":[{"href":"https:\/\/www.kiah.org.il\/fr\/wp-json\/wp\/v2\/types\/page"}],"author":[{"embeddable":true,"href":"https:\/\/www.kiah.org.il\/fr\/wp-json\/wp\/v2\/users\/2"}],"replies":[{"embeddable":true,"href":"https:\/\/www.kiah.org.il\/fr\/wp-json\/wp\/v2\/comments?post=5641"}],"version-history":[{"count":3,"href":"https:\/\/www.kiah.org.il\/fr\/wp-json\/wp\/v2\/pages\/5641\/revisions"}],"predecessor-version":[{"id":5826,"href":"https:\/\/www.kiah.org.il\/fr\/wp-json\/wp\/v2\/pages\/5641\/revisions\/5826"}],"wp:attachment":[{"href":"https:\/\/www.kiah.org.il\/fr\/wp-json\/wp\/v2\/media?parent=5641"}],"curies":[{"name":"wp","href":"https:\/\/api.w.org\/{rel}","templated":true}]}}