{"id":6558,"date":"2025-03-21T16:21:12","date_gmt":"2025-03-21T14:21:12","guid":{"rendered":"https:\/\/www.kiah.org.il\/?page_id=6558"},"modified":"2025-06-16T13:41:39","modified_gmt":"2025-06-16T11:41:39","slug":"%d7%90%d7%a8%d7%9b%d7%99%d7%95%d7%9f-%d7%90%d7%9c%d7%99%d7%90%d7%a0%d7%a1","status":"publish","type":"page","link":"https:\/\/www.kiah.org.il\/fr\/%d7%90%d7%a8%d7%9b%d7%99%d7%95%d7%9f-%d7%90%d7%9c%d7%99%d7%90%d7%a0%d7%a1\/","title":{"rendered":"Archives de l\u2019Alliance"},"content":{"rendered":"<div data-elementor-type=\"wp-page\" data-elementor-id=\"6558\" class=\"elementor elementor-6558\" data-elementor-post-type=\"page\">\n\t\t\t\t<div data-dce-background-overlay-color=\"#000000\" data-dce-background-image-url=\"https:\/\/www.kiah.org.il\/wp-content\/uploads\/2025\/03\/arcive.jpg\" class=\"elementor-element elementor-element-6df0ded vmd-page-header-cont e-flex e-con-boxed e-con e-parent\" data-id=\"6df0ded\" data-element_type=\"container\" data-e-type=\"container\" data-settings=\"{&quot;background_background&quot;:&quot;classic&quot;}\">\n\t\t\t\t\t<div class=\"e-con-inner\">\n\t\t\t\t<div data-dce-title-color=\"#FDB913\" class=\"elementor-element elementor-element-30923e0 vmd-page-header elementor-widget elementor-widget-heading\" data-id=\"30923e0\" data-element_type=\"widget\" data-e-type=\"widget\" data-widget_type=\"heading.default\">\n\t\t\t\t<div class=\"elementor-widget-container\">\n\t\t\t\t\t<h1 class=\"elementor-heading-title elementor-size-default\">Archives de l\u2019Alliance<\/h1>\t\t\t\t<\/div>\n\t\t\t\t<\/div>\n\t\t\t\t\t<\/div>\n\t\t\t\t<\/div>\n\t\t<article class=\"elementor-element elementor-element-2fb53da e-flex e-con-boxed e-con e-parent\" data-id=\"2fb53da\" data-element_type=\"container\" data-e-type=\"container\">\n\t\t\t\t\t<div class=\"e-con-inner\">\n\t\t\t\t<div class=\"elementor-element elementor-element-c753412 elementor-widget elementor-widget-heading\" data-id=\"c753412\" data-element_type=\"widget\" data-e-type=\"widget\" data-widget_type=\"heading.default\">\n\t\t\t\t<div class=\"elementor-widget-container\">\n\t\t\t\t\t<h2 class=\"elementor-heading-title elementor-size-default\">Archives et Biblioth\u00e8que de l\u2019Alliance \u2013 La Biblioth\u00e8que\n<\/h2>\t\t\t\t<\/div>\n\t\t\t\t<\/div>\n\t\t\t\t<div class=\"elementor-element elementor-element-39e9428 elementor-widget__width-initial elementor-widget elementor-widget-text-editor\" data-id=\"39e9428\" data-element_type=\"widget\" data-e-type=\"widget\" data-widget_type=\"text-editor.default\">\n\t\t\t\t<div class=\"elementor-widget-container\">\n\t\t\t\t\t\t\t\t\t<p><span style=\"font-weight: 400;\">La Biblioth\u00e8que de l&#039;Alliance a \u00e9t\u00e9 fond\u00e9e en 1860, avec la fondation de l&#039;organisation, dans le but de pr\u00e9server le patrimoine juif et de donner acc\u00e8s \u00e0 la culture juive et \u00e0 l&#039;histoire du peuple juif \u00e0 travers le monde.<\/span><span style=\"font-weight: 400;\"> Pendant la Seconde Guerre mondiale, la biblioth\u00e8que fut pill\u00e9e par les nazis et les b\u00e2timents de l&#039;organisation o\u00f9 \u00e9taient conserv\u00e9s les livres furent d\u00e9truits. Apr\u00e8s la guerre, les archives et la biblioth\u00e8que furent reconstruites. <\/span><span style=\"font-weight: 400;\">La biblioth\u00e8que est actuellement consid\u00e9r\u00e9e comme la plus grande et la plus importante biblioth\u00e8que priv\u00e9e d&#039;Europe consacr\u00e9e au juda\u00efsme et \u00e0 la langue h\u00e9bra\u00efque. Elle comprend des manuscrits du Moyen \u00c2ge, des fragments de la Genizah du Caire (dont un manuscrit sign\u00e9 par Ma\u00efmonide), des ouvrages h\u00e9breux et juifs pr\u00e9serv\u00e9s des XVe et XXe si\u00e8cles, ainsi qu&#039;une collection d&#039;illustrations et de photographies. La biblioth\u00e8que entretient des liens \u00e9troits avec d&#039;importantes biblioth\u00e8ques d&#039;Europe, d&#039;Am\u00e9rique et d&#039;Isra\u00ebl. Ses archives sont accessibles aux chercheurs qui s&#039;int\u00e9ressent \u00e0 l&#039;histoire de l&#039;Alliance\u00a0: les amis de tous les Isra\u00e9liens, au juda\u00efsme fran\u00e7ais, aux pays musulmans, aux Balkans et au Moyen-Orient, aux droits de l&#039;homme, \u00e0 l&#039;antis\u00e9mitisme, \u00e0 l&#039;histoire du juda\u00efsme espagnol et au sionisme. L&#039;exposition de la biblioth\u00e8que est pr\u00e9sent\u00e9e en version num\u00e9rique au Mus\u00e9e de l&#039;Alliance.<\/span><\/p>\t\t\t\t\t\t\t\t<\/div>\n\t\t\t\t<\/div>\n\t\t\t\t<div class=\"elementor-element elementor-element-2923781 elementor-widget elementor-widget-heading\" data-id=\"2923781\" data-element_type=\"widget\" data-e-type=\"widget\" data-widget_type=\"heading.default\">\n\t\t\t\t<div class=\"elementor-widget-container\">\n\t\t\t\t\t<h3 class=\"elementor-heading-title elementor-size-default\"><a href=\"https:\/\/www.bibliotheque-numerique-aiu.org\/\" target=\"_blank\" rel=\"noopener noreferrer nofollow\">Archives de l'Alliance<\/a><\/h3>\t\t\t\t<\/div>\n\t\t\t\t<\/div>\n\t\t\t\t\t<\/div>\n\t\t\t\t<\/article>\n\t\t\t\t<\/div>","protected":false},"excerpt":{"rendered":"<p>\u05d0\u05e8\u05db\u05d9\u05d5\u05df \u05d5\u05e1\u05e4\u05e8\u05d9\u05d9\u05ea \u05d0\u05dc\u05d9\u05d0\u05e0\u05e1 \u2013 \u05d4\u05d1\u05d9\u05d1\u05dc\u05d9\u05d5\u05d8\u05e7 \u05e1\u05e4\u05e8\u05d9\u05d9\u05ea \u05d0\u05dc\u05d9\u05d0\u05e0\u05e1 \u05e0\u05d5\u05e1\u05d3\u05d4 \u05d1\u05e9\u05e0\u05ea 1860, \u05e2\u05dd \u05d9\u05d9\u05e1\u05d5\u05d3 \u05d4\u05d0\u05e8\u05d2\u05d5\u05df, \u05de\u05ea\u05d5\u05da \u05db\u05d5\u05d5\u05e0\u05d4 \u05dc\u05e9\u05de\u05e8 \u05d0\u05ea \u05d4\u05de\u05d5\u05e8\u05e9\u05ea \u05d4\u05d9\u05d4\u05d5\u05d3\u05d9\u05ea, \u05d5\u05dc\u05d0\u05e4\u05e9\u05e8 \u05e0\u05d2\u05d9\u05e9\u05d5\u05ea \u05dc\u05ea\u05e8\u05d1\u05d5\u05ea \u05d4\u05d9\u05d4\u05d5\u05d3\u05d9\u05ea \u05d5\u05dc\u05d4\u05d9\u05e1\u05d8\u05d5\u05e8\u05d9\u05d4 \u05e9\u05dc \u05d4\u05e2\u05dd \u05d4\u05d9\u05d4\u05d5\u05d3\u05d9 \u05d1\u05e2\u05d5\u05dc\u05dd. \u05d1\u05de\u05d4\u05dc\u05da \u05de\u05dc\u05d7\u05de\u05ea \u05d4\u05e2\u05d5\u05dc\u05dd \u05d4\u05e9\u05e0\u05d9\u05d9\u05d4 \u05e0\u05d1\u05d6\u05d6\u05d4 \u05d4\u05e1\u05e4\u05e8\u05d9\u05d9\u05d4 \u05e2\u05dc \u05d9\u05d3\u05d9 \u05d4\u05e0\u05d0\u05e6\u05d9\u05dd, \u05d5\u05e0\u05d4\u05e8\u05e1\u05d5 \u05d4\u05de\u05d1\u05e0\u05d9\u05dd \u05e9\u05dc \u05d4\u05d0\u05e8\u05d2\u05d5\u05df \u05e9\u05d1\u05d4\u05dd \u05e0\u05e9\u05de\u05e8\u05d5 \u05d4\u05e1\u05e4\u05e8\u05d9\u05dd, \u05dc\u05d0\u05d7\u05e8 \u05d4\u05de\u05dc\u05d7\u05de\u05d4 \u05d4\u05d0\u05e8\u05db\u05d9\u05d5\u05df \u05d5\u05d4\u05e1\u05e4\u05e8\u05d9\u05d9\u05d4 \u05e9\u05d5\u05d7\u05d6\u05e8\u05d5 \u05de\u05d7\u05d3\u05e9. \u05d4\u05e1\u05e4\u05e8\u05d9\u05d9\u05d4 \u05e0\u05d7\u05e9\u05d1\u05ea \u05db\u05d9\u05d5\u05dd \u05dc\u05e1\u05e4\u05e8\u05d9\u05d9\u05d4 \u05d4\u05e4\u05e8\u05d8\u05d9\u05ea [&hellip;]<\/p>\n","protected":false},"author":2,"featured_media":0,"parent":0,"menu_order":0,"comment_status":"closed","ping_status":"closed","template":"","meta":{"_acf_changed":false,"ocean_post_layout":"","ocean_both_sidebars_style":"","ocean_both_sidebars_content_width":0,"ocean_both_sidebars_sidebars_width":0,"ocean_sidebar":"0","ocean_second_sidebar":"0","ocean_disable_margins":"enable","ocean_add_body_class":"","ocean_shortcode_before_top_bar":"","ocean_shortcode_after_top_bar":"","ocean_shortcode_before_header":"","ocean_shortcode_after_header":"","ocean_has_shortcode":"","ocean_shortcode_after_title":"","ocean_shortcode_before_footer_widgets":"","ocean_shortcode_after_footer_widgets":"","ocean_shortcode_before_footer_bottom":"","ocean_shortcode_after_footer_bottom":"","ocean_display_top_bar":"default","ocean_display_header":"default","ocean_header_style":"","ocean_center_header_left_menu":"0","ocean_custom_header_template":"0","ocean_custom_logo":0,"ocean_custom_retina_logo":0,"ocean_custom_logo_max_width":0,"ocean_custom_logo_tablet_max_width":0,"ocean_custom_logo_mobile_max_width":0,"ocean_custom_logo_max_height":0,"ocean_custom_logo_tablet_max_height":0,"ocean_custom_logo_mobile_max_height":0,"ocean_header_custom_menu":"0","ocean_menu_typo_font_family":"0","ocean_menu_typo_font_subset":"","ocean_menu_typo_font_size":0,"ocean_menu_typo_font_size_tablet":0,"ocean_menu_typo_font_size_mobile":0,"ocean_menu_typo_font_size_unit":"px","ocean_menu_typo_font_weight":"","ocean_menu_typo_font_weight_tablet":"","ocean_menu_typo_font_weight_mobile":"","ocean_menu_typo_transform":"","ocean_menu_typo_transform_tablet":"","ocean_menu_typo_transform_mobile":"","ocean_menu_typo_line_height":0,"ocean_menu_typo_line_height_tablet":0,"ocean_menu_typo_line_height_mobile":0,"ocean_menu_typo_line_height_unit":"","ocean_menu_typo_spacing":0,"ocean_menu_typo_spacing_tablet":0,"ocean_menu_typo_spacing_mobile":0,"ocean_menu_typo_spacing_unit":"","ocean_menu_link_color":"","ocean_menu_link_color_hover":"","ocean_menu_link_color_active":"","ocean_menu_link_background":"","ocean_menu_link_hover_background":"","ocean_menu_link_active_background":"","ocean_menu_social_links_bg":"","ocean_menu_social_hover_links_bg":"","ocean_menu_social_links_color":"","ocean_menu_social_hover_links_color":"","ocean_disable_title":"default","ocean_disable_heading":"default","ocean_post_title":"","ocean_post_subheading":"","ocean_post_title_style":"","ocean_post_title_background_color":"","ocean_post_title_background":0,"ocean_post_title_bg_image_position":"","ocean_post_title_bg_image_attachment":"","ocean_post_title_bg_image_repeat":"","ocean_post_title_bg_image_size":"","ocean_post_title_height":0,"ocean_post_title_bg_overlay":0.5,"ocean_post_title_bg_overlay_color":"","ocean_disable_breadcrumbs":"default","ocean_breadcrumbs_color":"","ocean_breadcrumbs_separator_color":"","ocean_breadcrumbs_links_color":"","ocean_breadcrumbs_links_hover_color":"","ocean_display_footer_widgets":"default","ocean_display_footer_bottom":"default","ocean_custom_footer_template":"0","iawp_total_views":86,"footnotes":""},"class_list":["post-6558","page","type-page","status-publish","hentry","entry"],"acf":[],"yoast_head":"<!-- This site is optimized with the Yoast SEO plugin v27.5 - https:\/\/yoast.com\/product\/yoast-seo-wordpress\/ -->\n<title>\u05d0\u05e8\u05db\u05d9\u05d5\u05df \u05d0\u05dc\u05d9\u05d0\u05e0\u05e1 \u05dc\u05e9\u05d9\u05de\u05d5\u05e8 \u05de\u05d5\u05e8\u05e9\u05ea \u05d0\u05dc\u05d9\u05d0\u05e0\u05e1 \u05d5\u05d4\u05e2\u05dd \u05d4\u05d9\u05d4\u05d5\u05d3\u05d9 - \u05d0\u05dc\u05d9\u05d0\u05e0\u05e1: \u05db\u05dc \u05d9\u05e9\u05e8\u05d0\u05dc \u05d7\u05d1\u05e8\u05d9\u05dd<\/title>\n<meta name=\"description\" content=\"\u05e1\u05e4\u05e8\u05d9\u05d9\u05ea \u05d0\u05e8\u05db\u05d9\u05d5\u05df \u05d0\u05dc\u05d9\u05d0\u05e0\u05e1, \u05e0\u05d7\u05e9\u05d1\u05ea \u05dc\u05e1\u05e4\u05e8\u05d9\u05d9\u05d4 \u05d4\u05e4\u05e8\u05d8\u05d9\u05ea \u05d4\u05d2\u05d3\u05d5\u05dc\u05d4 \u05d5\u05d4\u05d7\u05e9\u05d5\u05d1\u05d4 \u05d1\u05d0\u05d9\u05e8\u05d5\u05e4\u05d4 \u05dc\u05e0\u05d5\u05e9\u05d0 \u05de\u05d5\u05e8\u05e9\u05ea \u05d0\u05dc\u05d9\u05d0\u05e0\u05e1, \u05d4\u05d9\u05d4\u05d3\u05d5\u05ea \u05d5\u05d4\u05e9\u05e4\u05d4 \u05d4\u05e2\u05d1\u05e8\u05d9\u05ea, \u05d4\u05d9\u05d0 \u05e0\u05d5\u05e1\u05d3\u05d4 \u05de\u05ea\u05d5\u05da \u05db\u05d5\u05d5\u05e0\u05d4 \u05dc\u05e9\u05de\u05e8 \u05d0\u05ea \u05e1\u05d9\u05e4\u05d5\u05e8 \u05d4\u05e7\u05d4\u05d9\u05dc\u05d5\u05ea \u05d5\u05d4\u05de\u05d5\u05e8\u05e9\u05ea \u05d4\u05d9\u05d4\u05d5\u05d3\u05d9\u05ea. \u05dc\u05e4\u05e8\u05d8\u05d9\u05dd \u05d1\u05e7\u05e8\u05d5 &#039;\u05d1\u05de\u05d5\u05d6\u05d9\u05d0\u05d5\u05df \u05d0\u05dc\u05d9\u05d0\u05e0\u05e1&#039; \u05d5\u05d1\u05d0\u05ea\u05e8 &quot;\u05d0\u05dc\u05d9\u05d0\u05e0\u05e1: \u05db\u05dc \u05d9\u05e9\u05e8\u05d0\u05dc \u05d7\u05d1\u05e8\u05d9\u05dd&quot;.\" \/>\n<meta name=\"robots\" content=\"index, follow, max-snippet:-1, max-image-preview:large, max-video-preview:-1\" \/>\n<link rel=\"canonical\" href=\"https:\/\/www.kiah.org.il\/fr\/\u05d0\u05e8\u05db\u05d9\u05d5\u05df-\u05d0\u05dc\u05d9\u05d0\u05e0\u05e1\/\" \/>\n<meta property=\"og:locale\" content=\"fr_FR\" \/>\n<meta property=\"og:type\" content=\"article\" \/>\n<meta property=\"og:title\" content=\"\u05d0\u05e8\u05db\u05d9\u05d5\u05df \u05d0\u05dc\u05d9\u05d0\u05e0\u05e1 \u05dc\u05e9\u05d9\u05de\u05d5\u05e8 \u05de\u05d5\u05e8\u05e9\u05ea \u05d0\u05dc\u05d9\u05d0\u05e0\u05e1 \u05d5\u05d4\u05e2\u05dd \u05d4\u05d9\u05d4\u05d5\u05d3\u05d9 - \u05d0\u05dc\u05d9\u05d0\u05e0\u05e1: \u05db\u05dc \u05d9\u05e9\u05e8\u05d0\u05dc \u05d7\u05d1\u05e8\u05d9\u05dd\" \/>\n<meta property=\"og:description\" content=\"\u05e1\u05e4\u05e8\u05d9\u05d9\u05ea \u05d0\u05e8\u05db\u05d9\u05d5\u05df \u05d0\u05dc\u05d9\u05d0\u05e0\u05e1, \u05e0\u05d7\u05e9\u05d1\u05ea \u05dc\u05e1\u05e4\u05e8\u05d9\u05d9\u05d4 \u05d4\u05e4\u05e8\u05d8\u05d9\u05ea \u05d4\u05d2\u05d3\u05d5\u05dc\u05d4 \u05d5\u05d4\u05d7\u05e9\u05d5\u05d1\u05d4 \u05d1\u05d0\u05d9\u05e8\u05d5\u05e4\u05d4 \u05dc\u05e0\u05d5\u05e9\u05d0 \u05de\u05d5\u05e8\u05e9\u05ea \u05d0\u05dc\u05d9\u05d0\u05e0\u05e1, \u05d4\u05d9\u05d4\u05d3\u05d5\u05ea \u05d5\u05d4\u05e9\u05e4\u05d4 \u05d4\u05e2\u05d1\u05e8\u05d9\u05ea, \u05d4\u05d9\u05d0 \u05e0\u05d5\u05e1\u05d3\u05d4 \u05de\u05ea\u05d5\u05da \u05db\u05d5\u05d5\u05e0\u05d4 \u05dc\u05e9\u05de\u05e8 \u05d0\u05ea \u05e1\u05d9\u05e4\u05d5\u05e8 \u05d4\u05e7\u05d4\u05d9\u05dc\u05d5\u05ea \u05d5\u05d4\u05de\u05d5\u05e8\u05e9\u05ea \u05d4\u05d9\u05d4\u05d5\u05d3\u05d9\u05ea. \u05dc\u05e4\u05e8\u05d8\u05d9\u05dd \u05d1\u05e7\u05e8\u05d5 &#039;\u05d1\u05de\u05d5\u05d6\u05d9\u05d0\u05d5\u05df \u05d0\u05dc\u05d9\u05d0\u05e0\u05e1&#039; \u05d5\u05d1\u05d0\u05ea\u05e8 &quot;\u05d0\u05dc\u05d9\u05d0\u05e0\u05e1: \u05db\u05dc \u05d9\u05e9\u05e8\u05d0\u05dc \u05d7\u05d1\u05e8\u05d9\u05dd&quot;.\" \/>\n<meta property=\"og:url\" content=\"https:\/\/www.kiah.org.il\/fr\/\u05d0\u05e8\u05db\u05d9\u05d5\u05df-\u05d0\u05dc\u05d9\u05d0\u05e0\u05e1\/\" \/>\n<meta property=\"og:site_name\" content=\"\u05db\u05dc \u05d9\u05e9\u05e8\u05d0\u05dc \u05d7\u05d1\u05e8\u05d9\u05dd\" \/>\n<meta property=\"article:publisher\" content=\"https:\/\/www.facebook.com\/AllianceKIAH\" \/>\n<meta property=\"article:modified_time\" content=\"2025-06-16T11:41:39+00:00\" \/>\n<meta name=\"twitter:card\" content=\"summary_large_image\" \/>\n<meta name=\"twitter:label1\" content=\"Dur\u00e9e de lecture estim\u00e9e\" \/>\n\t<meta name=\"twitter:data1\" content=\"1 minute\" \/>\n<script type=\"application\/ld+json\" class=\"yoast-schema-graph\">{\"@context\":\"https:\\\/\\\/schema.org\",\"@graph\":[{\"@type\":\"WebPage\",\"@id\":\"https:\\\/\\\/www.kiah.org.il\\\/%d7%90%d7%a8%d7%9b%d7%99%d7%95%d7%9f-%d7%90%d7%9c%d7%99%d7%90%d7%a0%d7%a1\\\/\",\"url\":\"https:\\\/\\\/www.kiah.org.il\\\/%d7%90%d7%a8%d7%9b%d7%99%d7%95%d7%9f-%d7%90%d7%9c%d7%99%d7%90%d7%a0%d7%a1\\\/\",\"name\":\"\u05d0\u05e8\u05db\u05d9\u05d5\u05df \u05d0\u05dc\u05d9\u05d0\u05e0\u05e1 \u05dc\u05e9\u05d9\u05de\u05d5\u05e8 \u05de\u05d5\u05e8\u05e9\u05ea \u05d0\u05dc\u05d9\u05d0\u05e0\u05e1 \u05d5\u05d4\u05e2\u05dd \u05d4\u05d9\u05d4\u05d5\u05d3\u05d9 - \u05d0\u05dc\u05d9\u05d0\u05e0\u05e1: \u05db\u05dc \u05d9\u05e9\u05e8\u05d0\u05dc \u05d7\u05d1\u05e8\u05d9\u05dd\",\"isPartOf\":{\"@id\":\"https:\\\/\\\/www.kiah.org.il\\\/#website\"},\"datePublished\":\"2025-03-21T14:21:12+00:00\",\"dateModified\":\"2025-06-16T11:41:39+00:00\",\"description\":\"\u05e1\u05e4\u05e8\u05d9\u05d9\u05ea \u05d0\u05e8\u05db\u05d9\u05d5\u05df \u05d0\u05dc\u05d9\u05d0\u05e0\u05e1, \u05e0\u05d7\u05e9\u05d1\u05ea \u05dc\u05e1\u05e4\u05e8\u05d9\u05d9\u05d4 \u05d4\u05e4\u05e8\u05d8\u05d9\u05ea \u05d4\u05d2\u05d3\u05d5\u05dc\u05d4 \u05d5\u05d4\u05d7\u05e9\u05d5\u05d1\u05d4 \u05d1\u05d0\u05d9\u05e8\u05d5\u05e4\u05d4 \u05dc\u05e0\u05d5\u05e9\u05d0 \u05de\u05d5\u05e8\u05e9\u05ea \u05d0\u05dc\u05d9\u05d0\u05e0\u05e1, \u05d4\u05d9\u05d4\u05d3\u05d5\u05ea \u05d5\u05d4\u05e9\u05e4\u05d4 \u05d4\u05e2\u05d1\u05e8\u05d9\u05ea, \u05d4\u05d9\u05d0 \u05e0\u05d5\u05e1\u05d3\u05d4 \u05de\u05ea\u05d5\u05da \u05db\u05d5\u05d5\u05e0\u05d4 \u05dc\u05e9\u05de\u05e8 \u05d0\u05ea \u05e1\u05d9\u05e4\u05d5\u05e8 \u05d4\u05e7\u05d4\u05d9\u05dc\u05d5\u05ea \u05d5\u05d4\u05de\u05d5\u05e8\u05e9\u05ea \u05d4\u05d9\u05d4\u05d5\u05d3\u05d9\u05ea. \u05dc\u05e4\u05e8\u05d8\u05d9\u05dd \u05d1\u05e7\u05e8\u05d5 '\u05d1\u05de\u05d5\u05d6\u05d9\u05d0\u05d5\u05df \u05d0\u05dc\u05d9\u05d0\u05e0\u05e1' \u05d5\u05d1\u05d0\u05ea\u05e8 \\\"\u05d0\u05dc\u05d9\u05d0\u05e0\u05e1: \u05db\u05dc \u05d9\u05e9\u05e8\u05d0\u05dc \u05d7\u05d1\u05e8\u05d9\u05dd\\\".\",\"breadcrumb\":{\"@id\":\"https:\\\/\\\/www.kiah.org.il\\\/%d7%90%d7%a8%d7%9b%d7%99%d7%95%d7%9f-%d7%90%d7%9c%d7%99%d7%90%d7%a0%d7%a1\\\/#breadcrumb\"},\"inLanguage\":\"fr-FR\",\"potentialAction\":[{\"@type\":\"ReadAction\",\"target\":[\"https:\\\/\\\/www.kiah.org.il\\\/%d7%90%d7%a8%d7%9b%d7%99%d7%95%d7%9f-%d7%90%d7%9c%d7%99%d7%90%d7%a0%d7%a1\\\/\"]}]},{\"@type\":\"BreadcrumbList\",\"@id\":\"https:\\\/\\\/www.kiah.org.il\\\/%d7%90%d7%a8%d7%9b%d7%99%d7%95%d7%9f-%d7%90%d7%9c%d7%99%d7%90%d7%a0%d7%a1\\\/#breadcrumb\",\"itemListElement\":[{\"@type\":\"ListItem\",\"position\":1,\"name\":\"\u05d3\u05e3 \u05d4\u05d1\u05d9\u05ea\",\"item\":\"https:\\\/\\\/www.kiah.org.il\\\/\"},{\"@type\":\"ListItem\",\"position\":2,\"name\":\"\u05d0\u05e8\u05db\u05d9\u05d5\u05df \u05d0\u05dc\u05d9\u05d0\u05e0\u05e1\"}]},{\"@type\":\"WebSite\",\"@id\":\"https:\\\/\\\/www.kiah.org.il\\\/#website\",\"url\":\"https:\\\/\\\/www.kiah.org.il\\\/\",\"name\":\"\u05db\u05dc \u05d9\u05e9\u05e8\u05d0\u05dc \u05d7\u05d1\u05e8\u05d9\u05dd\",\"description\":\"\u05de\u05e6\u05d5\u05d9\u05e0\u05d5\u05ea \u05d7\u05d9\u05e0\u05d5\u05db\u05d9\u05ea \u05d5\u05de\u05e0\u05d4\u05d9\u05d2\u05d5\u05ea \u05de\u05e7\u05d5\u05de\u05d9\u05ea \u05d1\u05e4\u05e8\u05d9\u05e4\u05e8\u05d9\u05d4 \u05ea\u05d5\u05da \u05d8\u05d9\u05e4\u05d5\u05d7 \u05d9\u05d4\u05d3\u05d5\u05ea \u05d9\u05e9\u05e8\u05d0\u05dc\u05d9\u05ea \u05de\u05d7\u05d1\u05e8\u05ea\",\"publisher\":{\"@id\":\"https:\\\/\\\/www.kiah.org.il\\\/#organization\"},\"potentialAction\":[{\"@type\":\"SearchAction\",\"target\":{\"@type\":\"EntryPoint\",\"urlTemplate\":\"https:\\\/\\\/www.kiah.org.il\\\/?s={search_term_string}\"},\"query-input\":{\"@type\":\"PropertyValueSpecification\",\"valueRequired\":true,\"valueName\":\"search_term_string\"}}],\"inLanguage\":\"fr-FR\"},{\"@type\":\"Organization\",\"@id\":\"https:\\\/\\\/www.kiah.org.il\\\/#organization\",\"name\":\"\u05db\u05dc \u05d9\u05e9\u05e8\u05d0\u05dc \u05d7\u05d1\u05e8\u05d9\u05dd\",\"url\":\"https:\\\/\\\/www.kiah.org.il\\\/\",\"logo\":{\"@type\":\"ImageObject\",\"inLanguage\":\"fr-FR\",\"@id\":\"https:\\\/\\\/www.kiah.org.il\\\/#\\\/schema\\\/logo\\\/image\\\/\",\"url\":\"https:\\\/\\\/www.kiah.org.il\\\/wp-content\\\/uploads\\\/2020\\\/08\\\/\u05db\u05d9\u05d7.png\",\"contentUrl\":\"https:\\\/\\\/www.kiah.org.il\\\/wp-content\\\/uploads\\\/2020\\\/08\\\/\u05db\u05d9\u05d7.png\",\"width\":1193,\"height\":780,\"caption\":\"\u05db\u05dc \u05d9\u05e9\u05e8\u05d0\u05dc \u05d7\u05d1\u05e8\u05d9\u05dd\"},\"image\":{\"@id\":\"https:\\\/\\\/www.kiah.org.il\\\/#\\\/schema\\\/logo\\\/image\\\/\"},\"sameAs\":[\"https:\\\/\\\/www.facebook.com\\\/AllianceKIAH\",\"https:\\\/\\\/www.instagram.com\\\/alliance.kiah\\\/?igsh=NmQxM3JncnZvYmxz\"]}]}<\/script>\n<!-- \/ Yoast SEO plugin. -->","yoast_head_json":{"title":"Archives de l&#039;Alliance pour la pr\u00e9servation du patrimoine Alliance et le peuple juif - Alliance : Tout Isra\u00ebl est ami","description":"La biblioth\u00e8que des Archives de l&#039;Alliance, consid\u00e9r\u00e9e comme la plus grande et la plus importante biblioth\u00e8que priv\u00e9e d&#039;Europe consacr\u00e9e au patrimoine de l&#039;Alliance, au juda\u00efsme et \u00e0 la langue h\u00e9bra\u00efque, a \u00e9t\u00e9 fond\u00e9e dans le but de pr\u00e9server l&#039;histoire et le patrimoine des communaut\u00e9s juives. Pour plus d&#039;informations, visitez le Mus\u00e9e de l&#039;Alliance et le site web \u00ab\u00a0Alliance\u00a0: Amis de tous les Isra\u00e9liens\u00a0\u00bb.","robots":{"index":"index","follow":"follow","max-snippet":"max-snippet:-1","max-image-preview":"max-image-preview:large","max-video-preview":"max-video-preview:-1"},"canonical":"https:\/\/www.kiah.org.il\/fr\/\u05d0\u05e8\u05db\u05d9\u05d5\u05df-\u05d0\u05dc\u05d9\u05d0\u05e0\u05e1\/","og_locale":"fr_FR","og_type":"article","og_title":"\u05d0\u05e8\u05db\u05d9\u05d5\u05df \u05d0\u05dc\u05d9\u05d0\u05e0\u05e1 \u05dc\u05e9\u05d9\u05de\u05d5\u05e8 \u05de\u05d5\u05e8\u05e9\u05ea \u05d0\u05dc\u05d9\u05d0\u05e0\u05e1 \u05d5\u05d4\u05e2\u05dd \u05d4\u05d9\u05d4\u05d5\u05d3\u05d9 - \u05d0\u05dc\u05d9\u05d0\u05e0\u05e1: \u05db\u05dc \u05d9\u05e9\u05e8\u05d0\u05dc \u05d7\u05d1\u05e8\u05d9\u05dd","og_description":"\u05e1\u05e4\u05e8\u05d9\u05d9\u05ea \u05d0\u05e8\u05db\u05d9\u05d5\u05df \u05d0\u05dc\u05d9\u05d0\u05e0\u05e1, \u05e0\u05d7\u05e9\u05d1\u05ea \u05dc\u05e1\u05e4\u05e8\u05d9\u05d9\u05d4 \u05d4\u05e4\u05e8\u05d8\u05d9\u05ea \u05d4\u05d2\u05d3\u05d5\u05dc\u05d4 \u05d5\u05d4\u05d7\u05e9\u05d5\u05d1\u05d4 \u05d1\u05d0\u05d9\u05e8\u05d5\u05e4\u05d4 \u05dc\u05e0\u05d5\u05e9\u05d0 \u05de\u05d5\u05e8\u05e9\u05ea \u05d0\u05dc\u05d9\u05d0\u05e0\u05e1, \u05d4\u05d9\u05d4\u05d3\u05d5\u05ea \u05d5\u05d4\u05e9\u05e4\u05d4 \u05d4\u05e2\u05d1\u05e8\u05d9\u05ea, \u05d4\u05d9\u05d0 \u05e0\u05d5\u05e1\u05d3\u05d4 \u05de\u05ea\u05d5\u05da \u05db\u05d5\u05d5\u05e0\u05d4 \u05dc\u05e9\u05de\u05e8 \u05d0\u05ea \u05e1\u05d9\u05e4\u05d5\u05e8 \u05d4\u05e7\u05d4\u05d9\u05dc\u05d5\u05ea \u05d5\u05d4\u05de\u05d5\u05e8\u05e9\u05ea \u05d4\u05d9\u05d4\u05d5\u05d3\u05d9\u05ea. \u05dc\u05e4\u05e8\u05d8\u05d9\u05dd \u05d1\u05e7\u05e8\u05d5 '\u05d1\u05de\u05d5\u05d6\u05d9\u05d0\u05d5\u05df \u05d0\u05dc\u05d9\u05d0\u05e0\u05e1' \u05d5\u05d1\u05d0\u05ea\u05e8 \"\u05d0\u05dc\u05d9\u05d0\u05e0\u05e1: \u05db\u05dc \u05d9\u05e9\u05e8\u05d0\u05dc \u05d7\u05d1\u05e8\u05d9\u05dd\".","og_url":"https:\/\/www.kiah.org.il\/fr\/\u05d0\u05e8\u05db\u05d9\u05d5\u05df-\u05d0\u05dc\u05d9\u05d0\u05e0\u05e1\/","og_site_name":"\u05db\u05dc \u05d9\u05e9\u05e8\u05d0\u05dc \u05d7\u05d1\u05e8\u05d9\u05dd","article_publisher":"https:\/\/www.facebook.com\/AllianceKIAH","article_modified_time":"2025-06-16T11:41:39+00:00","twitter_card":"summary_large_image","twitter_misc":{"Dur\u00e9e de lecture estim\u00e9e":"1 minute"},"schema":{"@context":"https:\/\/schema.org","@graph":[{"@type":"WebPage","@id":"https:\/\/www.kiah.org.il\/%d7%90%d7%a8%d7%9b%d7%99%d7%95%d7%9f-%d7%90%d7%9c%d7%99%d7%90%d7%a0%d7%a1\/","url":"https:\/\/www.kiah.org.il\/%d7%90%d7%a8%d7%9b%d7%99%d7%95%d7%9f-%d7%90%d7%9c%d7%99%d7%90%d7%a0%d7%a1\/","name":"Archives de l&#039;Alliance pour la pr\u00e9servation du patrimoine Alliance et le peuple juif - Alliance : Tout Isra\u00ebl est ami","isPartOf":{"@id":"https:\/\/www.kiah.org.il\/#website"},"datePublished":"2025-03-21T14:21:12+00:00","dateModified":"2025-06-16T11:41:39+00:00","description":"La biblioth\u00e8que des Archives de l&#039;Alliance, consid\u00e9r\u00e9e comme la plus grande et la plus importante biblioth\u00e8que priv\u00e9e d&#039;Europe consacr\u00e9e au patrimoine de l&#039;Alliance, au juda\u00efsme et \u00e0 la langue h\u00e9bra\u00efque, a \u00e9t\u00e9 fond\u00e9e dans le but de pr\u00e9server l&#039;histoire et le patrimoine des communaut\u00e9s juives. Pour plus d&#039;informations, visitez le Mus\u00e9e de l&#039;Alliance et le site web \u00ab\u00a0Alliance\u00a0: Amis de tous les Isra\u00e9liens\u00a0\u00bb.","breadcrumb":{"@id":"https:\/\/www.kiah.org.il\/%d7%90%d7%a8%d7%9b%d7%99%d7%95%d7%9f-%d7%90%d7%9c%d7%99%d7%90%d7%a0%d7%a1\/#breadcrumb"},"inLanguage":"fr-FR","potentialAction":[{"@type":"ReadAction","target":["https:\/\/www.kiah.org.il\/%d7%90%d7%a8%d7%9b%d7%99%d7%95%d7%9f-%d7%90%d7%9c%d7%99%d7%90%d7%a0%d7%a1\/"]}]},{"@type":"BreadcrumbList","@id":"https:\/\/www.kiah.org.il\/%d7%90%d7%a8%d7%9b%d7%99%d7%95%d7%9f-%d7%90%d7%9c%d7%99%d7%90%d7%a0%d7%a1\/#breadcrumb","itemListElement":[{"@type":"ListItem","position":1,"name":"\u05d3\u05e3 \u05d4\u05d1\u05d9\u05ea","item":"https:\/\/www.kiah.org.il\/"},{"@type":"ListItem","position":2,"name":"\u05d0\u05e8\u05db\u05d9\u05d5\u05df \u05d0\u05dc\u05d9\u05d0\u05e0\u05e1"}]},{"@type":"WebSite","@id":"https:\/\/www.kiah.org.il\/#website","url":"https:\/\/www.kiah.org.il\/","name":"Tout Isra\u00ebl est ami","description":"Favoriser l\u2019excellence \u00e9ducative et le leadership local en p\u00e9riph\u00e9rie, tout en cultivant un Juda\u00efsme isra\u00e9lien ouvert et f\u00e9d\u00e9rateur","publisher":{"@id":"https:\/\/www.kiah.org.il\/#organization"},"potentialAction":[{"@type":"SearchAction","target":{"@type":"EntryPoint","urlTemplate":"https:\/\/www.kiah.org.il\/?s={search_term_string}"},"query-input":{"@type":"PropertyValueSpecification","valueRequired":true,"valueName":"search_term_string"}}],"inLanguage":"fr-FR"},{"@type":"Organization","@id":"https:\/\/www.kiah.org.il\/#organization","name":"Tout Isra\u00ebl est ami","url":"https:\/\/www.kiah.org.il\/","logo":{"@type":"ImageObject","inLanguage":"fr-FR","@id":"https:\/\/www.kiah.org.il\/#\/schema\/logo\/image\/","url":"https:\/\/www.kiah.org.il\/wp-content\/uploads\/2020\/08\/\u05db\u05d9\u05d7.png","contentUrl":"https:\/\/www.kiah.org.il\/wp-content\/uploads\/2020\/08\/\u05db\u05d9\u05d7.png","width":1193,"height":780,"caption":"\u05db\u05dc \u05d9\u05e9\u05e8\u05d0\u05dc \u05d7\u05d1\u05e8\u05d9\u05dd"},"image":{"@id":"https:\/\/www.kiah.org.il\/#\/schema\/logo\/image\/"},"sameAs":["https:\/\/www.facebook.com\/AllianceKIAH","https:\/\/www.instagram.com\/alliance.kiah\/?igsh=NmQxM3JncnZvYmxz"]}]}},"_links":{"self":[{"href":"https:\/\/www.kiah.org.il\/fr\/wp-json\/wp\/v2\/pages\/6558","targetHints":{"allow":["GET"]}}],"collection":[{"href":"https:\/\/www.kiah.org.il\/fr\/wp-json\/wp\/v2\/pages"}],"about":[{"href":"https:\/\/www.kiah.org.il\/fr\/wp-json\/wp\/v2\/types\/page"}],"author":[{"embeddable":true,"href":"https:\/\/www.kiah.org.il\/fr\/wp-json\/wp\/v2\/users\/2"}],"replies":[{"embeddable":true,"href":"https:\/\/www.kiah.org.il\/fr\/wp-json\/wp\/v2\/comments?post=6558"}],"version-history":[{"count":10,"href":"https:\/\/www.kiah.org.il\/fr\/wp-json\/wp\/v2\/pages\/6558\/revisions"}],"predecessor-version":[{"id":7475,"href":"https:\/\/www.kiah.org.il\/fr\/wp-json\/wp\/v2\/pages\/6558\/revisions\/7475"}],"wp:attachment":[{"href":"https:\/\/www.kiah.org.il\/fr\/wp-json\/wp\/v2\/media?parent=6558"}],"curies":[{"name":"wp","href":"https:\/\/api.w.org\/{rel}","templated":true}]}}